{"id":13854,"date":"2021-01-06T10:50:21","date_gmt":"2021-01-06T13:50:21","guid":{"rendered":"https:\/\/casadaescavadeira.com.br\/?post_type=product&#038;p=13854"},"modified":"2024-11-22T11:05:27","modified_gmt":"2024-11-22T14:05:27","slug":"valvula-eletrica-c-bloco-cxrde-10-40co6","status":"publish","type":"product","link":"https:\/\/casadaescavadeira.com.br\/pt\/produto\/valvula-eletrica-c-bloco-cxrde-10-40co6\/","title":{"rendered":"V\u00c1LVULA ELETRICA C\/ BLOCO CXRDE -10\/40CO6"},"content":{"rendered":"<p>V\u00e1lvulas Solen\u00f3ides Proporcionais CXRDE -10\/40CO6 s\u00e3o partes de a\u00e7o carbono revestida por uma prote\u00e7\u00e3o pl\u00e1stica conjugada a um bloco de a\u00e7o carbono temperado exclusivo para bombas hidr\u00e1ulicas volum\u00e9tricas rotativas modelo F3V63DT aplicadas em escavadeireas da marca Hyundai R140-LC7 e equivalentes.<\/p>","protected":false},"excerpt":{"rendered":"<p>ELETRIC VALVE WITH BLOCK CXRDE 10\/40C06 HYUNDAI R140-LC7<\/p>","protected":false},"featured_media":0,"comment_status":"open","ping_status":"closed","template":"","meta":{"_acf_changed":false,"om_disable_all_campaigns":false,"_monsterinsights_skip_tracking":false,"_monsterinsights_sitenote_active":false,"_monsterinsights_sitenote_note":"","_monsterinsights_sitenote_category":0,"_uf_show_specific_survey":0,"_uf_disable_surveys":false},"product_brand":[],"product_cat":[406,407],"product_tag":[],"class_list":{"0":"post-13854","1":"product","2":"type-product","3":"status-publish","5":"product_cat-valvulas-eletricas-e-sensores","6":"product_cat-valvulas-eletricas","7":"pa_marca-doosan","9":"first","10":"instock","11":"shipping-taxable","12":"product-type-simple"},"acf":[],"aioseo_notices":[],"_links":{"self":[{"href":"https:\/\/casadaescavadeira.com.br\/pt\/wp-json\/wp\/v2\/product\/13854","targetHints":{"allow":["GET"]}}],"collection":[{"href":"https:\/\/casadaescavadeira.com.br\/pt\/wp-json\/wp\/v2\/product"}],"about":[{"href":"https:\/\/casadaescavadeira.com.br\/pt\/wp-json\/wp\/v2\/types\/product"}],"replies":[{"embeddable":true,"href":"https:\/\/casadaescavadeira.com.br\/pt\/wp-json\/wp\/v2\/comments?post=13854"}],"wp:attachment":[{"href":"https:\/\/casadaescavadeira.com.br\/pt\/wp-json\/wp\/v2\/media?parent=13854"}],"wp:term":[{"taxonomy":"product_brand","embeddable":true,"href":"https:\/\/casadaescavadeira.com.br\/pt\/wp-json\/wp\/v2\/product_brand?post=13854"},{"taxonomy":"product_cat","embeddable":true,"href":"https:\/\/casadaescavadeira.com.br\/pt\/wp-json\/wp\/v2\/product_cat?post=13854"},{"taxonomy":"product_tag","embeddable":true,"href":"https:\/\/casadaescavadeira.com.br\/pt\/wp-json\/wp\/v2\/product_tag?post=13854"}],"curies":[{"name":"wp","href":"https:\/\/api.w.org\/{rel}","templated":true}]}}