{"id":13852,"date":"2021-01-06T10:48:17","date_gmt":"2021-01-06T13:48:17","guid":{"rendered":"https:\/\/casadaescavadeira.com.br\/?post_type=product&#038;p=13852"},"modified":"2024-11-22T11:18:19","modified_gmt":"2024-11-22T14:18:19","slug":"valvula-eletrica-kdrde5k-20-40co7-109-r210","status":"publish","type":"product","link":"https:\/\/casadaescavadeira.com.br\/pt\/produto\/valvula-eletrica-kdrde5k-20-40co7-109-r210\/","title":{"rendered":"V\u00c1LVULA ELETRICA KDRDE5K-20\/40CO7-109 (R210)"},"content":{"rendered":"<p>V\u00e1lvulas Solen\u00f3ides Proporcionais KDRDE5K-20\/40C04-109 s\u00e3o partes de a\u00e7o carbono revestida por uma prote\u00e7\u00e3o pl\u00e1stica exclusivas para bombas hidr\u00e1ulicas volum\u00e9tricas rotativas modelo F3V112DT aplicadas em escavadeireas da marca HYUNDAI e equivalentes.<\/p>","protected":false},"excerpt":{"rendered":"<p>V\u00e1lvulas Solen\u00f3ides Proporcionais KDRDE5K-20\/40C04-109 s\u00e3o partes de a\u00e7o carbono revestida por uma prote\u00e7\u00e3o pl\u00e1stica exclusivas para bombas hidr\u00e1ulicas volum\u00e9tricas rotativas modelo F3V112DT aplicadas em escavadeireas da marca HYUNDAI e equivalentes.<\/p>","protected":false},"featured_media":13853,"comment_status":"open","ping_status":"closed","template":"","meta":{"_acf_changed":false,"om_disable_all_campaigns":false,"_monsterinsights_skip_tracking":false,"_monsterinsights_sitenote_active":false,"_monsterinsights_sitenote_note":"","_monsterinsights_sitenote_category":0,"_uf_show_specific_survey":0,"_uf_disable_surveys":false},"product_brand":[],"product_cat":[406,407],"product_tag":[685,686,439,687],"class_list":{"0":"post-13852","1":"product","2":"type-product","3":"status-publish","4":"has-post-thumbnail","6":"product_cat-valvulas-eletricas-e-sensores","7":"product_cat-valvulas-eletricas","8":"product_tag-xj8n-00382","9":"product_tag-xj8n00382","10":"product_tag-xjbn-00382","11":"product_tag-xjbn00382","12":"pa_marca-hyundai","14":"first","15":"instock","16":"shipping-taxable","17":"product-type-simple"},"acf":[],"aioseo_notices":[],"_links":{"self":[{"href":"https:\/\/casadaescavadeira.com.br\/pt\/wp-json\/wp\/v2\/product\/13852","targetHints":{"allow":["GET"]}}],"collection":[{"href":"https:\/\/casadaescavadeira.com.br\/pt\/wp-json\/wp\/v2\/product"}],"about":[{"href":"https:\/\/casadaescavadeira.com.br\/pt\/wp-json\/wp\/v2\/types\/product"}],"replies":[{"embeddable":true,"href":"https:\/\/casadaescavadeira.com.br\/pt\/wp-json\/wp\/v2\/comments?post=13852"}],"wp:featuredmedia":[{"embeddable":true,"href":"https:\/\/casadaescavadeira.com.br\/pt\/wp-json\/wp\/v2\/media\/13853"}],"wp:attachment":[{"href":"https:\/\/casadaescavadeira.com.br\/pt\/wp-json\/wp\/v2\/media?parent=13852"}],"wp:term":[{"taxonomy":"product_brand","embeddable":true,"href":"https:\/\/casadaescavadeira.com.br\/pt\/wp-json\/wp\/v2\/product_brand?post=13852"},{"taxonomy":"product_cat","embeddable":true,"href":"https:\/\/casadaescavadeira.com.br\/pt\/wp-json\/wp\/v2\/product_cat?post=13852"},{"taxonomy":"product_tag","embeddable":true,"href":"https:\/\/casadaescavadeira.com.br\/pt\/wp-json\/wp\/v2\/product_tag?post=13852"}],"curies":[{"name":"wp","href":"https:\/\/api.w.org\/{rel}","templated":true}]}}