{"id":13849,"date":"2021-01-06T10:14:50","date_gmt":"2021-01-06T13:14:50","guid":{"rendered":"https:\/\/casadaescavadeira.com.br\/?post_type=product&#038;p=13849"},"modified":"2024-11-22T11:42:33","modified_gmt":"2024-11-22T14:42:33","slug":"valvula-eletrica-kdre5k20-40co4-109-ec140ec210ec290ec360ec460","status":"publish","type":"product","link":"https:\/\/casadaescavadeira.com.br\/pt\/produto\/valvula-eletrica-kdre5k20-40co4-109-ec140ec210ec290ec360ec460\/","title":{"rendered":"V\u00c1LVULA EL\u00c9TRICA KDRE5K20\/40CO4-109 (EC140,EC210,EC290,EC360,EC460)"},"content":{"rendered":"<p>V\u00e1lvulas solenoides proporcionais KDRDE5K-20\/40C04-109 s\u00e3o partes de a\u00e7o carbono revestida por uma prote\u00e7\u00e3o pl\u00e1stica exclusivas para bombas hidr\u00e1ulicas volum\u00e9tricas rotativas modelo F3V112DT. Aplicadas em escavadeiras da marca Volvo modelos EC210, EC140, EC210, EC290, EC360, EC460 e equivalentes.<\/p>","protected":false},"excerpt":{"rendered":"<p>V\u00e1lvulas solenoides proporcionais KDRDE5K-20\/40C04-109 s\u00e3o partes de a\u00e7o carbono revestida por uma prote\u00e7\u00e3o pl\u00e1stica exclusivas para bombas hidr\u00e1ulicas volum\u00e9tricas rotativas modelo F3V112DT. Aplicadas em escavadeiras da marca Volvo modelos EC210, EC140, EC210, EC290, EC360, EC460 e equivalentes.<\/p>","protected":false},"featured_media":16768,"comment_status":"closed","ping_status":"closed","template":"","meta":{"_acf_changed":false,"om_disable_all_campaigns":false,"_monsterinsights_skip_tracking":false,"_monsterinsights_sitenote_active":false,"_monsterinsights_sitenote_note":"","_monsterinsights_sitenote_category":0,"_uf_show_specific_survey":0,"_uf_disable_surveys":false},"product_brand":[],"product_cat":[406,407],"product_tag":[680,1376,1377,681],"class_list":{"0":"post-13849","1":"product","2":"type-product","3":"status-publish","4":"has-post-thumbnail","6":"product_cat-valvulas-eletricas-e-sensores","7":"product_cat-valvulas-eletricas","8":"product_tag-680","9":"product_tag-sa-8230-32080","10":"product_tag-sa8230-32080","11":"product_tag-skx5p-17-209","12":"pa_marca-volvo","14":"first","15":"instock","16":"shipping-taxable","17":"product-type-simple"},"acf":[],"aioseo_notices":[],"_links":{"self":[{"href":"https:\/\/casadaescavadeira.com.br\/pt\/wp-json\/wp\/v2\/product\/13849","targetHints":{"allow":["GET"]}}],"collection":[{"href":"https:\/\/casadaescavadeira.com.br\/pt\/wp-json\/wp\/v2\/product"}],"about":[{"href":"https:\/\/casadaescavadeira.com.br\/pt\/wp-json\/wp\/v2\/types\/product"}],"replies":[{"embeddable":true,"href":"https:\/\/casadaescavadeira.com.br\/pt\/wp-json\/wp\/v2\/comments?post=13849"}],"wp:featuredmedia":[{"embeddable":true,"href":"https:\/\/casadaescavadeira.com.br\/pt\/wp-json\/wp\/v2\/media\/16768"}],"wp:attachment":[{"href":"https:\/\/casadaescavadeira.com.br\/pt\/wp-json\/wp\/v2\/media?parent=13849"}],"wp:term":[{"taxonomy":"product_brand","embeddable":true,"href":"https:\/\/casadaescavadeira.com.br\/pt\/wp-json\/wp\/v2\/product_brand?post=13849"},{"taxonomy":"product_cat","embeddable":true,"href":"https:\/\/casadaescavadeira.com.br\/pt\/wp-json\/wp\/v2\/product_cat?post=13849"},{"taxonomy":"product_tag","embeddable":true,"href":"https:\/\/casadaescavadeira.com.br\/pt\/wp-json\/wp\/v2\/product_tag?post=13849"}],"curies":[{"name":"wp","href":"https:\/\/api.w.org\/{rel}","templated":true}]}}