{"id":13843,"date":"2021-01-06T09:18:46","date_gmt":"2021-01-06T12:18:46","guid":{"rendered":"https:\/\/casadaescavadeira.com.br\/?post_type=product&#038;p=13843"},"modified":"2024-11-22T15:34:49","modified_gmt":"2024-11-22T18:34:49","slug":"valvula-solenoide-piloto-pc200-pn702-21-57500","status":"publish","type":"product","link":"https:\/\/casadaescavadeira.com.br\/pt\/produto\/valvula-solenoide-piloto-pc200-pn702-21-57500\/","title":{"rendered":"V\u00c1LVULA SOLENOIDE PILOTO PC200 (PN:702-21-57500)"},"content":{"rendered":"<p>V\u00e1lvula solenoide piloto 702-21-57500 s\u00e3o partes de a\u00e7o carbono conjugado a um chicote el\u00e9trico, para aplica\u00e7\u00e3o exclusivas em escavadeiras da marca Komatsu, modelos PC200, PC220, PC300, PC360-7<\/p>","protected":false},"excerpt":{"rendered":"<p>V\u00e1lvula solenoide piloto 702-21-57500 s\u00e3o partes de a\u00e7o carbono conjugado a um chicote el\u00e9trico, para aplica\u00e7\u00e3o exclusivas em escavadeiras da marca Komatsu, modelos PC200, PC220, PC300, PC360-7<\/p>","protected":false},"featured_media":16774,"comment_status":"closed","ping_status":"closed","template":"","meta":{"_acf_changed":false,"om_disable_all_campaigns":false,"_monsterinsights_skip_tracking":false,"_monsterinsights_sitenote_active":false,"_monsterinsights_sitenote_note":"","_monsterinsights_sitenote_category":0,"_uf_show_specific_survey":0,"_uf_disable_surveys":false},"product_brand":[],"product_cat":[406,407],"product_tag":[674,675],"class_list":{"0":"post-13843","1":"product","2":"type-product","3":"status-publish","4":"has-post-thumbnail","6":"product_cat-valvulas-eletricas-e-sensores","7":"product_cat-valvulas-eletricas","8":"product_tag-702-21-57500","9":"product_tag-675","10":"pa_marca-komatsu","12":"first","13":"instock","14":"shipping-taxable","15":"product-type-simple"},"acf":[],"aioseo_notices":[],"_links":{"self":[{"href":"https:\/\/casadaescavadeira.com.br\/pt\/wp-json\/wp\/v2\/product\/13843","targetHints":{"allow":["GET"]}}],"collection":[{"href":"https:\/\/casadaescavadeira.com.br\/pt\/wp-json\/wp\/v2\/product"}],"about":[{"href":"https:\/\/casadaescavadeira.com.br\/pt\/wp-json\/wp\/v2\/types\/product"}],"replies":[{"embeddable":true,"href":"https:\/\/casadaescavadeira.com.br\/pt\/wp-json\/wp\/v2\/comments?post=13843"}],"wp:featuredmedia":[{"embeddable":true,"href":"https:\/\/casadaescavadeira.com.br\/pt\/wp-json\/wp\/v2\/media\/16774"}],"wp:attachment":[{"href":"https:\/\/casadaescavadeira.com.br\/pt\/wp-json\/wp\/v2\/media?parent=13843"}],"wp:term":[{"taxonomy":"product_brand","embeddable":true,"href":"https:\/\/casadaescavadeira.com.br\/pt\/wp-json\/wp\/v2\/product_brand?post=13843"},{"taxonomy":"product_cat","embeddable":true,"href":"https:\/\/casadaescavadeira.com.br\/pt\/wp-json\/wp\/v2\/product_cat?post=13843"},{"taxonomy":"product_tag","embeddable":true,"href":"https:\/\/casadaescavadeira.com.br\/pt\/wp-json\/wp\/v2\/product_tag?post=13843"}],"curies":[{"name":"wp","href":"https:\/\/api.w.org\/{rel}","templated":true}]}}