{"id":13831,"date":"2021-01-05T17:00:32","date_gmt":"2021-01-05T20:00:32","guid":{"rendered":"https:\/\/casadaescavadeira.com.br\/?post_type=product&#038;p=13831"},"modified":"2024-11-22T16:45:07","modified_gmt":"2024-11-22T19:45:07","slug":"valvula-eletrica-kwe5k-31-g24db30","status":"publish","type":"product","link":"https:\/\/casadaescavadeira.com.br\/pt\/produto\/valvula-eletrica-kwe5k-31-g24db30\/","title":{"rendered":"V\u00c1LVULA EL\u00c9TRICA KWE5K-31\/G24DB30"},"content":{"rendered":"<p>V\u00e1lvula solenoide direcional KWE5K-31\/G24DB30 s\u00e3o partes de a\u00e7o carbono revestida por uma prote\u00e7\u00e3o pl\u00e1stica, exclusivas para escavadeiras da marca Caterpillar, modelos CAT315C, CAT320C, CAT325C, CAT330C, CAT330D<\/p>","protected":false},"excerpt":{"rendered":"<p>V\u00e1lvula solenoide direcional KWE5K-31\/G24DB30 s\u00e3o partes de a\u00e7o carbono revestida por uma prote\u00e7\u00e3o pl\u00e1stica, exclusivas para escavadeiras da marca Caterpillar, modelos CAT315C, CAT320C, CAT 325C, CAT330C, CAT330D<\/p>","protected":false},"featured_media":16782,"comment_status":"closed","ping_status":"closed","template":"","meta":{"_acf_changed":false,"om_disable_all_campaigns":false,"_monsterinsights_skip_tracking":false,"_monsterinsights_sitenote_active":false,"_monsterinsights_sitenote_note":"","_monsterinsights_sitenote_category":0,"_uf_show_specific_survey":0,"_uf_disable_surveys":false},"product_brand":[],"product_cat":[406,407],"product_tag":[1383,1384],"class_list":{"0":"post-13831","1":"product","2":"type-product","3":"status-publish","4":"has-post-thumbnail","6":"product_cat-valvulas-eletricas-e-sensores","7":"product_cat-valvulas-eletricas","8":"product_tag-121-1491","9":"product_tag-1384","10":"pa_marca-caterpillar","12":"first","13":"instock","14":"shipping-taxable","15":"product-type-simple"},"acf":[],"aioseo_notices":[],"_links":{"self":[{"href":"https:\/\/casadaescavadeira.com.br\/pt\/wp-json\/wp\/v2\/product\/13831","targetHints":{"allow":["GET"]}}],"collection":[{"href":"https:\/\/casadaescavadeira.com.br\/pt\/wp-json\/wp\/v2\/product"}],"about":[{"href":"https:\/\/casadaescavadeira.com.br\/pt\/wp-json\/wp\/v2\/types\/product"}],"replies":[{"embeddable":true,"href":"https:\/\/casadaescavadeira.com.br\/pt\/wp-json\/wp\/v2\/comments?post=13831"}],"wp:featuredmedia":[{"embeddable":true,"href":"https:\/\/casadaescavadeira.com.br\/pt\/wp-json\/wp\/v2\/media\/16782"}],"wp:attachment":[{"href":"https:\/\/casadaescavadeira.com.br\/pt\/wp-json\/wp\/v2\/media?parent=13831"}],"wp:term":[{"taxonomy":"product_brand","embeddable":true,"href":"https:\/\/casadaescavadeira.com.br\/pt\/wp-json\/wp\/v2\/product_brand?post=13831"},{"taxonomy":"product_cat","embeddable":true,"href":"https:\/\/casadaescavadeira.com.br\/pt\/wp-json\/wp\/v2\/product_cat?post=13831"},{"taxonomy":"product_tag","embeddable":true,"href":"https:\/\/casadaescavadeira.com.br\/pt\/wp-json\/wp\/v2\/product_tag?post=13831"}],"curies":[{"name":"wp","href":"https:\/\/api.w.org\/{rel}","templated":true}]}}