{"id":13797,"date":"2021-01-05T09:22:28","date_gmt":"2021-01-05T12:22:28","guid":{"rendered":"https:\/\/casadaescavadeira.com.br\/?post_type=product&#038;p=13797"},"modified":"2024-11-22T17:03:19","modified_gmt":"2024-11-22T20:03:19","slug":"valvula-eletrica-kdrde5kr-20-40co7-203a-diversas","status":"publish","type":"product","link":"https:\/\/casadaescavadeira.com.br\/pt\/produto\/valvula-eletrica-kdrde5kr-20-40co7-203a-diversas\/","title":{"rendered":"V\u00c1LVULA EL\u00c9TRICA KDRDE5KR-20\/40CO7-203A"},"content":{"rendered":"<p>V\u00e1lvula solenoide proporcional KDRDE5KR-20\/40CO7-203A s\u00e3o partes de a\u00e7o carbono revestida por uma prote\u00e7\u00e3o pl\u00e1stica exclusivas para bombas hidr\u00e1ulicas volum\u00e9tricas rotativas modelo F3V112DT. Aplicadas em escavadeiras de diversas marcas e modelos.<\/p>","protected":false},"excerpt":{"rendered":"<p>V\u00e1lvula solenoide proporcional KDRDE5KR-20\/40CO7-203A s\u00e3o partes de a\u00e7o carbono revestida por uma prote\u00e7\u00e3o pl\u00e1stica exclusivas para bombas hidr\u00e1ulicas volum\u00e9tricas rotativas modelo F3V112DT. Aplicadas em escavadeiras de diversas marcas e modelos.<\/p>","protected":false},"featured_media":16787,"comment_status":"closed","ping_status":"closed","template":"","meta":{"_acf_changed":false,"om_disable_all_campaigns":false,"_monsterinsights_skip_tracking":false,"_monsterinsights_sitenote_active":false,"_monsterinsights_sitenote_note":"","_monsterinsights_sitenote_category":0,"_uf_show_specific_survey":0,"_uf_disable_surveys":false},"product_brand":[],"product_cat":[406,407],"product_tag":[636],"class_list":{"0":"post-13797","1":"product","2":"type-product","3":"status-publish","4":"has-post-thumbnail","6":"product_cat-valvulas-eletricas-e-sensores","7":"product_cat-valvulas-eletricas","8":"product_tag-636","9":"pa_marca-jcb","10":"pa_marca-kobelco","11":"pa_marca-new-holland","12":"pa_marca-sany","13":"pa_marca-xcmg","15":"first","16":"instock","17":"shipping-taxable","18":"product-type-simple"},"acf":[],"aioseo_notices":[],"_links":{"self":[{"href":"https:\/\/casadaescavadeira.com.br\/pt\/wp-json\/wp\/v2\/product\/13797","targetHints":{"allow":["GET"]}}],"collection":[{"href":"https:\/\/casadaescavadeira.com.br\/pt\/wp-json\/wp\/v2\/product"}],"about":[{"href":"https:\/\/casadaescavadeira.com.br\/pt\/wp-json\/wp\/v2\/types\/product"}],"replies":[{"embeddable":true,"href":"https:\/\/casadaescavadeira.com.br\/pt\/wp-json\/wp\/v2\/comments?post=13797"}],"wp:featuredmedia":[{"embeddable":true,"href":"https:\/\/casadaescavadeira.com.br\/pt\/wp-json\/wp\/v2\/media\/16787"}],"wp:attachment":[{"href":"https:\/\/casadaescavadeira.com.br\/pt\/wp-json\/wp\/v2\/media?parent=13797"}],"wp:term":[{"taxonomy":"product_brand","embeddable":true,"href":"https:\/\/casadaescavadeira.com.br\/pt\/wp-json\/wp\/v2\/product_brand?post=13797"},{"taxonomy":"product_cat","embeddable":true,"href":"https:\/\/casadaescavadeira.com.br\/pt\/wp-json\/wp\/v2\/product_cat?post=13797"},{"taxonomy":"product_tag","embeddable":true,"href":"https:\/\/casadaescavadeira.com.br\/pt\/wp-json\/wp\/v2\/product_tag?post=13797"}],"curies":[{"name":"wp","href":"https:\/\/api.w.org\/{rel}","templated":true}]}}