{"id":13740,"date":"2020-12-15T20:48:41","date_gmt":"2020-12-15T23:48:41","guid":{"rendered":"https:\/\/casadaescavadeira.com.br\/?post_type=product&#038;p=13740"},"modified":"2024-11-19T12:02:57","modified_gmt":"2024-11-19T15:02:57","slug":"motoredutor-de-giro-m5x130","status":"publish","type":"product","link":"https:\/\/casadaescavadeira.com.br\/pt\/produto\/motoredutor-de-giro-m5x130\/","title":{"rendered":"MOTOREDUTOR DE GIRO M5X130-01 ROSCA (SEM REDUTOR)"},"content":{"rendered":"<p>M5X130-01 \u00e9 um motor hidr\u00e1ulico de pist\u00e3o axial de placa inclin\u00e1vel com deslocamento volum\u00e9trico de 129,2 cm\u00b3\/revolu\u00e7\u00e3o, rota\u00e7\u00e3o e press\u00e3o m\u00e1xima de 1850RPM e 39.2 Mpa respectivamente. Feito de a\u00e7o carbono fundido, usinado e temperado \u00e9 utilizado em sistemas de giro de m\u00e1quinas autopropulsadas.<\/p>","protected":false},"excerpt":{"rendered":"<p>M5X130-01 \u00e9 um motor hidr\u00e1ulico de pist\u00e3o axial de placa inclin\u00e1vel com deslocamento volum\u00e9trico de 129,2 cm\u00b3\/revolu\u00e7\u00e3o, rota\u00e7\u00e3o e press\u00e3o m\u00e1xima de 1850RPM e 39.2 Mpa respectivamente. Feito de a\u00e7o carbono fundido, usinado e temperado \u00e9 utilizado em sistemas de giro de m\u00e1quinas autopropulsadas.<\/p>","protected":false},"featured_media":16791,"comment_status":"closed","ping_status":"closed","template":"","meta":{"_acf_changed":false,"om_disable_all_campaigns":false,"_monsterinsights_skip_tracking":false,"_monsterinsights_sitenote_active":false,"_monsterinsights_sitenote_note":"","_monsterinsights_sitenote_category":0,"_uf_show_specific_survey":0,"_uf_disable_surveys":false},"product_brand":[],"product_cat":[1203,605],"product_tag":[1455,1453,1454],"class_list":{"0":"post-13740","1":"product","2":"type-product","3":"status-publish","4":"has-post-thumbnail","6":"product_cat-m5x-series-kawasaki-motoredutor-de-giro","7":"product_cat-motoredutor-de-giro","8":"product_tag-1455","9":"product_tag-1453","10":"product_tag-1454","11":"pa_marca-volvo","13":"first","14":"instock","15":"shipping-taxable","16":"product-type-simple"},"acf":[],"aioseo_notices":[],"_links":{"self":[{"href":"https:\/\/casadaescavadeira.com.br\/pt\/wp-json\/wp\/v2\/product\/13740","targetHints":{"allow":["GET"]}}],"collection":[{"href":"https:\/\/casadaescavadeira.com.br\/pt\/wp-json\/wp\/v2\/product"}],"about":[{"href":"https:\/\/casadaescavadeira.com.br\/pt\/wp-json\/wp\/v2\/types\/product"}],"replies":[{"embeddable":true,"href":"https:\/\/casadaescavadeira.com.br\/pt\/wp-json\/wp\/v2\/comments?post=13740"}],"wp:featuredmedia":[{"embeddable":true,"href":"https:\/\/casadaescavadeira.com.br\/pt\/wp-json\/wp\/v2\/media\/16791"}],"wp:attachment":[{"href":"https:\/\/casadaescavadeira.com.br\/pt\/wp-json\/wp\/v2\/media?parent=13740"}],"wp:term":[{"taxonomy":"product_brand","embeddable":true,"href":"https:\/\/casadaescavadeira.com.br\/pt\/wp-json\/wp\/v2\/product_brand?post=13740"},{"taxonomy":"product_cat","embeddable":true,"href":"https:\/\/casadaescavadeira.com.br\/pt\/wp-json\/wp\/v2\/product_cat?post=13740"},{"taxonomy":"product_tag","embeddable":true,"href":"https:\/\/casadaescavadeira.com.br\/pt\/wp-json\/wp\/v2\/product_tag?post=13740"}],"curies":[{"name":"wp","href":"https:\/\/api.w.org\/{rel}","templated":true}]}}