{"id":13554,"date":"2020-11-04T11:30:13","date_gmt":"2020-11-04T14:30:13","guid":{"rendered":"https:\/\/casadaescavadeira.com.br\/?post_type=product&#038;p=13554"},"modified":"2024-04-06T09:05:52","modified_gmt":"2024-04-06T12:05:52","slug":"disco-de-friccao-tm40vc","status":"publish","type":"product","link":"https:\/\/casadaescavadeira.com.br\/pt\/produto\/disco-de-friccao-tm40vc\/","title":{"rendered":"DISCO DE FRIC\u00c7\u00c3O FTM40VC\/GM35VA"},"content":{"rendered":"<p>Disco de fric\u00e7\u00e3o s\u00e3o partes de a\u00e7o carbono temperadas e sintetizadas aplicadas em motores hidr\u00e1ulicas do modelo TM40VC\/GM35VA<\/p>","protected":false},"excerpt":{"rendered":"<p>Disco de fric\u00e7\u00e3o s\u00e3o partes de a\u00e7o carbono temperadas e sintetizadas aplicadas em motores hidr\u00e1ulicas do modelo TM40VC\/GM35VA<\/p>","protected":false},"featured_media":17547,"comment_status":"closed","ping_status":"closed","template":"","meta":{"_acf_changed":false,"om_disable_all_campaigns":false,"_monsterinsights_skip_tracking":false,"_monsterinsights_sitenote_active":false,"_monsterinsights_sitenote_note":"","_monsterinsights_sitenote_category":0,"_uf_show_specific_survey":0,"_uf_disable_surveys":false},"product_brand":[],"product_cat":[38,1162,1187],"product_tag":[1459,1458,1460],"class_list":{"0":"post-13554","1":"product","2":"type-product","3":"status-publish","4":"has-post-thumbnail","6":"product_cat-partes-e-pecas","7":"product_cat-pecas-motoredutores-hidraulicos-translacao","8":"product_cat-tm-series-doosan","9":"product_tag-xkah-00419","10":"product_tag-xkah-00893","11":"product_tag-xkah-00894","13":"first","14":"instock","15":"shipping-taxable","16":"product-type-simple"},"acf":[],"aioseo_notices":[],"_links":{"self":[{"href":"https:\/\/casadaescavadeira.com.br\/pt\/wp-json\/wp\/v2\/product\/13554","targetHints":{"allow":["GET"]}}],"collection":[{"href":"https:\/\/casadaescavadeira.com.br\/pt\/wp-json\/wp\/v2\/product"}],"about":[{"href":"https:\/\/casadaescavadeira.com.br\/pt\/wp-json\/wp\/v2\/types\/product"}],"replies":[{"embeddable":true,"href":"https:\/\/casadaescavadeira.com.br\/pt\/wp-json\/wp\/v2\/comments?post=13554"}],"wp:featuredmedia":[{"embeddable":true,"href":"https:\/\/casadaescavadeira.com.br\/pt\/wp-json\/wp\/v2\/media\/17547"}],"wp:attachment":[{"href":"https:\/\/casadaescavadeira.com.br\/pt\/wp-json\/wp\/v2\/media?parent=13554"}],"wp:term":[{"taxonomy":"product_brand","embeddable":true,"href":"https:\/\/casadaescavadeira.com.br\/pt\/wp-json\/wp\/v2\/product_brand?post=13554"},{"taxonomy":"product_cat","embeddable":true,"href":"https:\/\/casadaescavadeira.com.br\/pt\/wp-json\/wp\/v2\/product_cat?post=13554"},{"taxonomy":"product_tag","embeddable":true,"href":"https:\/\/casadaescavadeira.com.br\/pt\/wp-json\/wp\/v2\/product_tag?post=13554"}],"curies":[{"name":"wp","href":"https:\/\/api.w.org\/{rel}","templated":true}]}}