{"id":13547,"date":"2020-11-04T09:29:17","date_gmt":"2020-11-04T12:29:17","guid":{"rendered":"https:\/\/casadaescavadeira.com.br\/?post_type=product&#038;p=13547"},"modified":"2023-08-21T15:11:05","modified_gmt":"2023-08-21T18:11:05","slug":"mola-tm40vc","status":"publish","type":"product","link":"https:\/\/casadaescavadeira.com.br\/pt\/produto\/mola-tm40vc\/","title":{"rendered":"MOLA DO ROTOR FTM40VC\/GM35VA (R250-7)"},"content":{"rendered":"<p>Molas cil\u00edndricas helicoidais de a\u00e7o para uso em motores hidr\u00e1ulicos TM40VC\/GM35VA ou equivalentes<\/p>","protected":false},"excerpt":{"rendered":"<p>Molas cil\u00edndricas helicoidais de a\u00e7o para uso em motores hidr\u00e1ulicos TM40VC\/GM35VA ou equivalentes<\/p>","protected":false},"featured_media":16726,"comment_status":"closed","ping_status":"closed","template":"","meta":{"_acf_changed":false,"om_disable_all_campaigns":false,"_monsterinsights_skip_tracking":false,"_monsterinsights_sitenote_active":false,"_monsterinsights_sitenote_note":"","_monsterinsights_sitenote_category":0,"_uf_show_specific_survey":0,"_uf_disable_surveys":false},"product_brand":[],"product_cat":[38,1162,1187],"product_tag":[1371],"class_list":{"0":"post-13547","1":"product","2":"type-product","3":"status-publish","4":"has-post-thumbnail","6":"product_cat-partes-e-pecas","7":"product_cat-pecas-motoredutores-hidraulicos-translacao","8":"product_cat-tm-series-doosan","9":"product_tag-xkah-00406","11":"first","12":"instock","13":"shipping-taxable","14":"product-type-simple"},"acf":[],"aioseo_notices":[],"_links":{"self":[{"href":"https:\/\/casadaescavadeira.com.br\/pt\/wp-json\/wp\/v2\/product\/13547","targetHints":{"allow":["GET"]}}],"collection":[{"href":"https:\/\/casadaescavadeira.com.br\/pt\/wp-json\/wp\/v2\/product"}],"about":[{"href":"https:\/\/casadaescavadeira.com.br\/pt\/wp-json\/wp\/v2\/types\/product"}],"replies":[{"embeddable":true,"href":"https:\/\/casadaescavadeira.com.br\/pt\/wp-json\/wp\/v2\/comments?post=13547"}],"wp:featuredmedia":[{"embeddable":true,"href":"https:\/\/casadaescavadeira.com.br\/pt\/wp-json\/wp\/v2\/media\/16726"}],"wp:attachment":[{"href":"https:\/\/casadaescavadeira.com.br\/pt\/wp-json\/wp\/v2\/media?parent=13547"}],"wp:term":[{"taxonomy":"product_brand","embeddable":true,"href":"https:\/\/casadaescavadeira.com.br\/pt\/wp-json\/wp\/v2\/product_brand?post=13547"},{"taxonomy":"product_cat","embeddable":true,"href":"https:\/\/casadaescavadeira.com.br\/pt\/wp-json\/wp\/v2\/product_cat?post=13547"},{"taxonomy":"product_tag","embeddable":true,"href":"https:\/\/casadaescavadeira.com.br\/pt\/wp-json\/wp\/v2\/product_tag?post=13547"}],"curies":[{"name":"wp","href":"https:\/\/api.w.org\/{rel}","templated":true}]}}