{"id":13497,"date":"2020-11-03T11:52:40","date_gmt":"2020-11-03T14:52:40","guid":{"rendered":"https:\/\/casadaescavadeira.com.br\/?post_type=product&#038;p=13497"},"modified":"2023-08-19T12:01:35","modified_gmt":"2023-08-19T15:01:35","slug":"eixo-sbs120-l-2","status":"publish","type":"product","link":"https:\/\/casadaescavadeira.com.br\/pt\/produto\/eixo-sbs120-l-2\/","title":{"rendered":"EIXO CONDUZIDO SBS120\/SBS140 (L)"},"content":{"rendered":"<p>Eixo conduzido ou esquerdo (left) s\u00e3o partes de a\u00e7o carbono temperadas exclusiva para bombas hidr\u00e1ulicas volum\u00e9tricas rotativas do modelo SBS120 ou equivalentes<\/p>","protected":false},"excerpt":{"rendered":"<p>Eixo conduzido ou esquerdo (left) s\u00e3o partes de a\u00e7o carbono temperadas exclusiva para bombas hidr\u00e1ulicas volum\u00e9tricas rotativas do modelo SBS120 ou equivalentes<\/p>","protected":false},"featured_media":16704,"comment_status":"closed","ping_status":"closed","template":"","meta":{"_acf_changed":false,"om_disable_all_campaigns":false,"_monsterinsights_skip_tracking":false,"_monsterinsights_sitenote_active":false,"_monsterinsights_sitenote_note":"","_monsterinsights_sitenote_category":0,"_uf_show_specific_survey":0,"_uf_disable_surveys":false},"product_brand":[],"product_cat":[38,39,615],"product_tag":[1354],"class_list":{"0":"post-13497","1":"product","2":"type-product","3":"status-publish","4":"has-post-thumbnail","6":"product_cat-partes-e-pecas","7":"product_cat-bomba-hidraulica-pecas","8":"product_cat-sbs-series-caterpillar-pecas","9":"product_tag-331-3501","11":"first","12":"instock","13":"shipping-taxable","14":"product-type-simple"},"acf":[],"aioseo_notices":[],"_links":{"self":[{"href":"https:\/\/casadaescavadeira.com.br\/pt\/wp-json\/wp\/v2\/product\/13497","targetHints":{"allow":["GET"]}}],"collection":[{"href":"https:\/\/casadaescavadeira.com.br\/pt\/wp-json\/wp\/v2\/product"}],"about":[{"href":"https:\/\/casadaescavadeira.com.br\/pt\/wp-json\/wp\/v2\/types\/product"}],"replies":[{"embeddable":true,"href":"https:\/\/casadaescavadeira.com.br\/pt\/wp-json\/wp\/v2\/comments?post=13497"}],"wp:featuredmedia":[{"embeddable":true,"href":"https:\/\/casadaescavadeira.com.br\/pt\/wp-json\/wp\/v2\/media\/16704"}],"wp:attachment":[{"href":"https:\/\/casadaescavadeira.com.br\/pt\/wp-json\/wp\/v2\/media?parent=13497"}],"wp:term":[{"taxonomy":"product_brand","embeddable":true,"href":"https:\/\/casadaescavadeira.com.br\/pt\/wp-json\/wp\/v2\/product_brand?post=13497"},{"taxonomy":"product_cat","embeddable":true,"href":"https:\/\/casadaescavadeira.com.br\/pt\/wp-json\/wp\/v2\/product_cat?post=13497"},{"taxonomy":"product_tag","embeddable":true,"href":"https:\/\/casadaescavadeira.com.br\/pt\/wp-json\/wp\/v2\/product_tag?post=13497"}],"curies":[{"name":"wp","href":"https:\/\/api.w.org\/{rel}","templated":true}]}}