{"id":13271,"date":"2020-10-21T12:15:44","date_gmt":"2020-10-21T15:15:44","guid":{"rendered":"https:\/\/casadaescavadeira.com.br\/?post_type=product&#038;p=13271"},"modified":"2024-11-18T11:11:10","modified_gmt":"2024-11-18T14:11:10","slug":"bomba-hidraulica-fpv95dt-pc200-8","status":"publish","type":"product","link":"https:\/\/casadaescavadeira.com.br\/pt\/produto\/bomba-hidraulica-fpv95dt-pc200-8\/","title":{"rendered":"BOMBA HIDR\u00c1ULICA HPV95 (PC200-8)"},"content":{"rendered":"<p>HPV95 s\u00e3o bombas hidr\u00e1ulicas volum\u00e9tricas rotativas de pist\u00f5es axiais e fluxo vari\u00e1vel, para acionamento hidrost\u00e1tico em circuitos fechados, de dupla a\u00e7\u00e3o com 190cm\u00b3\/rev, m\u00e1ximo de 2000 rpm, com vaz\u00e3o aproximada de 380l\/min, press\u00e3o de trabalho 37.2mpa ou 372 bar e press\u00e3o m\u00e1xima de 39.2 mpa ou 392bar. Aplicadas em escavadeiras da marca Komatsu modelo PC200-8.<\/p>","protected":false},"excerpt":{"rendered":"<p>HPV95 (PC200-8) s\u00e3o bombas hidr\u00e1ulicas volum\u00e9tricas rotativas de pist\u00f5es axiais e fluxo vari\u00e1vel, para acionamento hidrost\u00e1tico em circuitos fechados, de dupla a\u00e7\u00e3o com 190cm\u00b3\/rev, m\u00e1ximo de 2000 rpm, com vaz\u00e3o aproximada de 380l\/min, press\u00e3o de trabalho 37.2mpa ou 372 bar e press\u00e3o m\u00e1xima de 39.2 mpa ou 392bar. Aplicadas em escavadeiras da marca Komatsu modelo PC200-8.<\/p>","protected":false},"featured_media":16718,"comment_status":"closed","ping_status":"closed","template":"","meta":{"_acf_changed":false,"om_disable_all_campaigns":false,"_monsterinsights_skip_tracking":false,"_monsterinsights_sitenote_active":false,"_monsterinsights_sitenote_note":"","_monsterinsights_sitenote_category":0,"_uf_show_specific_survey":0,"_uf_disable_surveys":false},"product_brand":[],"product_cat":[19,1170],"product_tag":[1369],"class_list":{"0":"post-13271","1":"product","2":"type-product","3":"status-publish","4":"has-post-thumbnail","6":"product_cat-bombas-hidraulicas","7":"product_cat-hpv-series-hitachi","8":"product_tag-708-2l-31430","9":"pa_marca-komatsu","11":"first","12":"instock","13":"shipping-taxable","14":"product-type-simple"},"acf":[],"aioseo_notices":[],"_links":{"self":[{"href":"https:\/\/casadaescavadeira.com.br\/pt\/wp-json\/wp\/v2\/product\/13271","targetHints":{"allow":["GET"]}}],"collection":[{"href":"https:\/\/casadaescavadeira.com.br\/pt\/wp-json\/wp\/v2\/product"}],"about":[{"href":"https:\/\/casadaescavadeira.com.br\/pt\/wp-json\/wp\/v2\/types\/product"}],"replies":[{"embeddable":true,"href":"https:\/\/casadaescavadeira.com.br\/pt\/wp-json\/wp\/v2\/comments?post=13271"}],"wp:featuredmedia":[{"embeddable":true,"href":"https:\/\/casadaescavadeira.com.br\/pt\/wp-json\/wp\/v2\/media\/16718"}],"wp:attachment":[{"href":"https:\/\/casadaescavadeira.com.br\/pt\/wp-json\/wp\/v2\/media?parent=13271"}],"wp:term":[{"taxonomy":"product_brand","embeddable":true,"href":"https:\/\/casadaescavadeira.com.br\/pt\/wp-json\/wp\/v2\/product_brand?post=13271"},{"taxonomy":"product_cat","embeddable":true,"href":"https:\/\/casadaescavadeira.com.br\/pt\/wp-json\/wp\/v2\/product_cat?post=13271"},{"taxonomy":"product_tag","embeddable":true,"href":"https:\/\/casadaescavadeira.com.br\/pt\/wp-json\/wp\/v2\/product_tag?post=13271"}],"curies":[{"name":"wp","href":"https:\/\/api.w.org\/{rel}","templated":true}]}}