{"id":13068,"date":"2020-04-24T13:02:48","date_gmt":"2020-04-24T16:02:48","guid":{"rendered":"https:\/\/casadaescavadeira.com.br\/?post_type=product&#038;p=13068"},"modified":"2024-11-18T15:41:56","modified_gmt":"2024-11-18T18:41:56","slug":"bomba-hidraulica-f3sp36c","status":"publish","type":"product","link":"https:\/\/casadaescavadeira.com.br\/pt\/produto\/bomba-hidraulica-f3sp36c\/","title":{"rendered":"BOMBA HIDR\u00c1ULICA F3SP36C (LIUGONG 908D\/E, YUCHAI YC85-8)"},"content":{"rendered":"<p>F3SP36C s\u00e3o bombas hidr\u00e1ulicas volum\u00e9tricas rotativas de pist\u00f5es axiais, fluxo vari\u00e1vel para acionamento hidrost\u00e1tico em circuito fechado, com\u00a0 72cm\u00b3\/rev,\u00a0 m\u00e1ximo de 2450 rpm, com vaz\u00e3o aproximada de 176l\/min, press\u00e3o de trabalho 28mpa ou 280bar e press\u00e3o m\u00e1xima de 30 mpa ou 300bar. Aplicadas em escavadeiras da marca Liugong e Yuchai modelos 908S\/S e YC85-8 respectivamente e similares.<\/p>","protected":false},"excerpt":{"rendered":"<p>F3SP36C s\u00e3o bombas hidr\u00e1ulicas volum\u00e9tricas rotativas de pist\u00f5es axiais, fluxo vari\u00e1vel para acionamento hidrost\u00e1tico em circuito fechado, com\u00a0 72cm\u00b3\/rev,\u00a0 m\u00e1ximo de 2450 rpm, com vaz\u00e3o aproximada de 176l\/min, press\u00e3o de trabalho 28mpa ou 280bar e press\u00e3o m\u00e1xima de 30 mpa ou 300bar. Aplicadas em escavadeiras da marca Liugong e Yuchai modelos 908S\/S e YC85-8 respectivamente e similares.<\/p>","protected":false},"featured_media":16687,"comment_status":"closed","ping_status":"closed","template":"","meta":{"_acf_changed":false,"om_disable_all_campaigns":false,"_monsterinsights_skip_tracking":false,"_monsterinsights_sitenote_active":false,"_monsterinsights_sitenote_note":"","_monsterinsights_sitenote_category":0,"_uf_show_specific_survey":0,"_uf_disable_surveys":false},"product_brand":[],"product_cat":[19,1164],"product_tag":[1344,470],"class_list":{"0":"post-13068","1":"product","2":"type-product","3":"status-publish","4":"has-post-thumbnail","6":"product_cat-bombas-hidraulicas","7":"product_cat-k3sp-series-kawasaki","8":"product_tag-11c0754","9":"product_tag-k3sp36c","10":"pa_marca-liugong","12":"first","13":"instock","14":"shipping-taxable","15":"product-type-simple"},"acf":[],"aioseo_notices":[],"_links":{"self":[{"href":"https:\/\/casadaescavadeira.com.br\/pt\/wp-json\/wp\/v2\/product\/13068","targetHints":{"allow":["GET"]}}],"collection":[{"href":"https:\/\/casadaescavadeira.com.br\/pt\/wp-json\/wp\/v2\/product"}],"about":[{"href":"https:\/\/casadaescavadeira.com.br\/pt\/wp-json\/wp\/v2\/types\/product"}],"replies":[{"embeddable":true,"href":"https:\/\/casadaescavadeira.com.br\/pt\/wp-json\/wp\/v2\/comments?post=13068"}],"wp:featuredmedia":[{"embeddable":true,"href":"https:\/\/casadaescavadeira.com.br\/pt\/wp-json\/wp\/v2\/media\/16687"}],"wp:attachment":[{"href":"https:\/\/casadaescavadeira.com.br\/pt\/wp-json\/wp\/v2\/media?parent=13068"}],"wp:term":[{"taxonomy":"product_brand","embeddable":true,"href":"https:\/\/casadaescavadeira.com.br\/pt\/wp-json\/wp\/v2\/product_brand?post=13068"},{"taxonomy":"product_cat","embeddable":true,"href":"https:\/\/casadaescavadeira.com.br\/pt\/wp-json\/wp\/v2\/product_cat?post=13068"},{"taxonomy":"product_tag","embeddable":true,"href":"https:\/\/casadaescavadeira.com.br\/pt\/wp-json\/wp\/v2\/product_tag?post=13068"}],"curies":[{"name":"wp","href":"https:\/\/api.w.org\/{rel}","templated":true}]}}