{"id":13057,"date":"2020-04-17T15:45:18","date_gmt":"2020-04-17T18:45:18","guid":{"rendered":"https:\/\/casadaescavadeira.com.br\/?post_type=product&#038;p=13057"},"modified":"2024-11-25T11:47:49","modified_gmt":"2024-11-25T14:47:49","slug":"acoplamento-plastico-40h","status":"publish","type":"product","link":"https:\/\/casadaescavadeira.com.br\/pt\/produto\/acoplamento-plastico-40h\/","title":{"rendered":"ACOPLAMENTO 40H &#8211; PL\u00c1STICO"},"content":{"rendered":"<p>Acoplamento 40H pl\u00e1stico \u00e9 uma pe\u00e7a composta de poliuretano condicionado em caixas simples de papel\u00e3o aplicado em escavadeiras hidr\u00e1ulicas de variadas marcas.<\/p>","protected":false},"excerpt":{"rendered":"<p>Acoplamento 40H pl\u00e1stico \u00e9 uma pe\u00e7a composta de poliuretano condicionado em caixas simples de papel\u00e3o aplicado em escavadeiras hidr\u00e1ulicas de variadas marcas.<\/p>","protected":false},"featured_media":16694,"comment_status":"closed","ping_status":"closed","template":"","meta":{"_acf_changed":false,"om_disable_all_campaigns":false,"_monsterinsights_skip_tracking":false,"_monsterinsights_sitenote_active":false,"_monsterinsights_sitenote_note":"","_monsterinsights_sitenote_category":0,"_uf_show_specific_survey":0,"_uf_disable_surveys":false},"product_brand":[],"product_cat":[298],"product_tag":[455,456,930],"class_list":{"0":"post-13057","1":"product","2":"type-product","3":"status-publish","4":"has-post-thumbnail","6":"product_cat-acoplamento-flexivel","7":"product_tag-455","8":"product_tag-knj2558","9":"product_tag-ym30p01007f1","10":"pa_marca-case","11":"pa_marca-new-holland","13":"first","14":"instock","15":"shipping-taxable","16":"product-type-simple"},"acf":[],"aioseo_notices":[],"_links":{"self":[{"href":"https:\/\/casadaescavadeira.com.br\/pt\/wp-json\/wp\/v2\/product\/13057","targetHints":{"allow":["GET"]}}],"collection":[{"href":"https:\/\/casadaescavadeira.com.br\/pt\/wp-json\/wp\/v2\/product"}],"about":[{"href":"https:\/\/casadaescavadeira.com.br\/pt\/wp-json\/wp\/v2\/types\/product"}],"replies":[{"embeddable":true,"href":"https:\/\/casadaescavadeira.com.br\/pt\/wp-json\/wp\/v2\/comments?post=13057"}],"wp:featuredmedia":[{"embeddable":true,"href":"https:\/\/casadaescavadeira.com.br\/pt\/wp-json\/wp\/v2\/media\/16694"}],"wp:attachment":[{"href":"https:\/\/casadaescavadeira.com.br\/pt\/wp-json\/wp\/v2\/media?parent=13057"}],"wp:term":[{"taxonomy":"product_brand","embeddable":true,"href":"https:\/\/casadaescavadeira.com.br\/pt\/wp-json\/wp\/v2\/product_brand?post=13057"},{"taxonomy":"product_cat","embeddable":true,"href":"https:\/\/casadaescavadeira.com.br\/pt\/wp-json\/wp\/v2\/product_cat?post=13057"},{"taxonomy":"product_tag","embeddable":true,"href":"https:\/\/casadaescavadeira.com.br\/pt\/wp-json\/wp\/v2\/product_tag?post=13057"}],"curies":[{"name":"wp","href":"https:\/\/api.w.org\/{rel}","templated":true}]}}