{"id":12999,"date":"2020-02-26T18:06:44","date_gmt":"2020-02-26T21:06:44","guid":{"rendered":"https:\/\/casadaescavadeira.com.br\/?post_type=product&#038;p=12999"},"modified":"2023-08-19T11:14:03","modified_gmt":"2023-08-19T14:14:03","slug":"valvula-eletrica-kdrdek5k-3130c50-122-yn35v00048f1","status":"publish","type":"product","link":"https:\/\/casadaescavadeira.com.br\/pt\/produto\/valvula-eletrica-kdrdek5k-3130c50-122-yn35v00048f1\/","title":{"rendered":"V\u00c1LVULA EL\u00c9TRICA KDRDEK5K-3130C50-122 (YN35V00048F1)"},"content":{"rendered":"<p>V\u00e1lvulas solenoides proporcionais tipo 3130C50-122 s\u00e3o partes de a\u00e7o carbono revestida por uma prote\u00e7\u00e3o pl\u00e1stica aplicadas exclusivamente em escavadeiras da marca New Holland e Case de diversos modelos.<\/p>","protected":false},"excerpt":{"rendered":"<p>V\u00e1lvulas solenoides proporcionais tipo 3130C50-122 s\u00e3o partes de a\u00e7o carbono revestida por uma prote\u00e7\u00e3o pl\u00e1stica aplicadas exclusivamente em escavadeiras da marca New Holland e Case de diversos modelos.<\/p>","protected":false},"featured_media":16487,"comment_status":"closed","ping_status":"closed","template":"","meta":{"_acf_changed":false,"om_disable_all_campaigns":false,"_monsterinsights_skip_tracking":false,"_monsterinsights_sitenote_active":false,"_monsterinsights_sitenote_note":"","_monsterinsights_sitenote_category":0,"_uf_show_specific_survey":0,"_uf_disable_surveys":false},"product_brand":[],"product_cat":[406,407],"product_tag":[440],"class_list":{"0":"post-12999","1":"product","2":"type-product","3":"status-publish","4":"has-post-thumbnail","6":"product_cat-valvulas-eletricas-e-sensores","7":"product_cat-valvulas-eletricas","8":"product_tag-yn35v00048f1","10":"first","11":"instock","12":"shipping-taxable","13":"product-type-simple"},"acf":[],"aioseo_notices":[],"_links":{"self":[{"href":"https:\/\/casadaescavadeira.com.br\/pt\/wp-json\/wp\/v2\/product\/12999","targetHints":{"allow":["GET"]}}],"collection":[{"href":"https:\/\/casadaescavadeira.com.br\/pt\/wp-json\/wp\/v2\/product"}],"about":[{"href":"https:\/\/casadaescavadeira.com.br\/pt\/wp-json\/wp\/v2\/types\/product"}],"replies":[{"embeddable":true,"href":"https:\/\/casadaescavadeira.com.br\/pt\/wp-json\/wp\/v2\/comments?post=12999"}],"wp:featuredmedia":[{"embeddable":true,"href":"https:\/\/casadaescavadeira.com.br\/pt\/wp-json\/wp\/v2\/media\/16487"}],"wp:attachment":[{"href":"https:\/\/casadaescavadeira.com.br\/pt\/wp-json\/wp\/v2\/media?parent=12999"}],"wp:term":[{"taxonomy":"product_brand","embeddable":true,"href":"https:\/\/casadaescavadeira.com.br\/pt\/wp-json\/wp\/v2\/product_brand?post=12999"},{"taxonomy":"product_cat","embeddable":true,"href":"https:\/\/casadaescavadeira.com.br\/pt\/wp-json\/wp\/v2\/product_cat?post=12999"},{"taxonomy":"product_tag","embeddable":true,"href":"https:\/\/casadaescavadeira.com.br\/pt\/wp-json\/wp\/v2\/product_tag?post=12999"}],"curies":[{"name":"wp","href":"https:\/\/api.w.org\/{rel}","templated":true}]}}