{"id":12992,"date":"2020-02-26T17:47:35","date_gmt":"2020-02-26T20:47:35","guid":{"rendered":"https:\/\/casadaescavadeira.com.br\/?post_type=product&#038;p=12992"},"modified":"2023-08-19T11:23:40","modified_gmt":"2023-08-19T14:23:40","slug":"valvula-eletrica-kwe5k-31g24ya50-yn35v00051f1","status":"publish","type":"product","link":"https:\/\/casadaescavadeira.com.br\/pt\/produto\/valvula-eletrica-kwe5k-31g24ya50-yn35v00051f1\/","title":{"rendered":"V\u00c1LVULA EL\u00c9TRICA KWE5K-31\/G24YA50 (YN35V00051F1)"},"content":{"rendered":"<p>V\u00e1lvulas solenoides direcionais tipo 31\/G24YA50 s\u00e3o partes de a\u00e7o carbono revestida por uma prote\u00e7\u00e3o pl\u00e1stica aplicadas exclusivamente em escavadeiras da marca New Holland e Case de diversos modelos.<\/p>","protected":false},"excerpt":{"rendered":"<p>V\u00e1lvulas solenoides direcionais tipo 31\/G24YA50 s\u00e3o partes de a\u00e7o carbono revestida por uma prote\u00e7\u00e3o pl\u00e1stica aplicadas exclusivamente em escavadeiras da marca New Holland e Case de diversos modelos.<\/p>","protected":false},"featured_media":16489,"comment_status":"closed","ping_status":"closed","template":"","meta":{"_acf_changed":false,"om_disable_all_campaigns":false,"_monsterinsights_skip_tracking":false,"_monsterinsights_sitenote_active":false,"_monsterinsights_sitenote_note":"","_monsterinsights_sitenote_category":0,"_uf_show_specific_survey":0,"_uf_disable_surveys":false},"product_brand":[],"product_cat":[406,407],"product_tag":[422,436],"class_list":{"0":"post-12992","1":"product","2":"type-product","3":"status-publish","4":"has-post-thumbnail","6":"product_cat-valvulas-eletricas-e-sensores","7":"product_cat-valvulas-eletricas","8":"product_tag-yn35v00050f1","9":"product_tag-yn35v00051f1","11":"first","12":"instock","13":"shipping-taxable","14":"product-type-simple"},"acf":[],"aioseo_notices":[],"_links":{"self":[{"href":"https:\/\/casadaescavadeira.com.br\/pt\/wp-json\/wp\/v2\/product\/12992","targetHints":{"allow":["GET"]}}],"collection":[{"href":"https:\/\/casadaescavadeira.com.br\/pt\/wp-json\/wp\/v2\/product"}],"about":[{"href":"https:\/\/casadaescavadeira.com.br\/pt\/wp-json\/wp\/v2\/types\/product"}],"replies":[{"embeddable":true,"href":"https:\/\/casadaescavadeira.com.br\/pt\/wp-json\/wp\/v2\/comments?post=12992"}],"wp:featuredmedia":[{"embeddable":true,"href":"https:\/\/casadaescavadeira.com.br\/pt\/wp-json\/wp\/v2\/media\/16489"}],"wp:attachment":[{"href":"https:\/\/casadaescavadeira.com.br\/pt\/wp-json\/wp\/v2\/media?parent=12992"}],"wp:term":[{"taxonomy":"product_brand","embeddable":true,"href":"https:\/\/casadaescavadeira.com.br\/pt\/wp-json\/wp\/v2\/product_brand?post=12992"},{"taxonomy":"product_cat","embeddable":true,"href":"https:\/\/casadaescavadeira.com.br\/pt\/wp-json\/wp\/v2\/product_cat?post=12992"},{"taxonomy":"product_tag","embeddable":true,"href":"https:\/\/casadaescavadeira.com.br\/pt\/wp-json\/wp\/v2\/product_tag?post=12992"}],"curies":[{"name":"wp","href":"https:\/\/api.w.org\/{rel}","templated":true}]}}