{"id":12770,"date":"2019-04-20T17:23:08","date_gmt":"2019-04-20T20:23:08","guid":{"rendered":"https:\/\/casadaescavadeira.com.br\/?post_type=product&#038;p=12770"},"modified":"2023-08-18T16:22:28","modified_gmt":"2023-08-18T19:22:28","slug":"kit-de-vedacao-do-motor-tracao-ftm40vc","status":"publish","type":"product","link":"https:\/\/casadaescavadeira.com.br\/pt\/produto\/kit-de-vedacao-do-motor-tracao-ftm40vc\/","title":{"rendered":"KIT DE VEDA\u00c7\u00c3O DO MOTOR DE TRA\u00c7\u00c3O JMV147 (R210-LC7) (AP2668 NOK 68x45x12) (ANEIS FINOS*5,6MM) XKAY-00518"},"content":{"rendered":"<p>Kit de veda\u00e7\u00e3o do motor de tra\u00e7\u00e3o TM40\/GM35VA \u00e9 composto por an\u00e9is o-rings de borracha de diversos tamanhos, an\u00e9is de encosto de nylon e retentores de ferro com\u00a0 borracha e seus derivados. S\u00e3o condicionados em pequenas embalagens pl\u00e1sticas e aplicados em motores hidr\u00e1ulicos de transla\u00e7\u00e3o do tipo TM40 usados em diversas marcas de escavadeiras hidr\u00e1ulicas.<\/p>","protected":false},"excerpt":{"rendered":"<p>Kit de veda\u00e7\u00e3o do motor de tra\u00e7\u00e3o TM40\/GM35VA \u00e9 composto por an\u00e9is o-rings de borracha de diversos tamanhos, an\u00e9is de encosto de nylon e retentores de ferro com\u00a0 borracha e seus derivados. S\u00e3o condicionados em pequenas embalagens pl\u00e1sticas e aplicados em motores hidr\u00e1ulicos de transla\u00e7\u00e3o do tipo TM40 usados em diversas marcas de escavadeiras hidr\u00e1ulicas.<\/p>","protected":false},"featured_media":16657,"comment_status":"closed","ping_status":"closed","template":"","meta":{"_acf_changed":false,"om_disable_all_campaigns":false,"_monsterinsights_skip_tracking":false,"_monsterinsights_sitenote_active":false,"_monsterinsights_sitenote_note":"","_monsterinsights_sitenote_category":0,"_uf_show_specific_survey":0,"_uf_disable_surveys":false},"product_brand":[],"product_cat":[1330,82],"product_tag":[385],"class_list":{"0":"post-12770","1":"product","2":"type-product","3":"status-publish","4":"has-post-thumbnail","6":"product_cat-vedacao-do-motoredutor-de-tracao","7":"product_cat-vedacoes","8":"product_tag-xkay-00518","10":"first","11":"instock","12":"shipping-taxable","13":"product-type-simple"},"acf":[],"aioseo_notices":[],"_links":{"self":[{"href":"https:\/\/casadaescavadeira.com.br\/pt\/wp-json\/wp\/v2\/product\/12770","targetHints":{"allow":["GET"]}}],"collection":[{"href":"https:\/\/casadaescavadeira.com.br\/pt\/wp-json\/wp\/v2\/product"}],"about":[{"href":"https:\/\/casadaescavadeira.com.br\/pt\/wp-json\/wp\/v2\/types\/product"}],"replies":[{"embeddable":true,"href":"https:\/\/casadaescavadeira.com.br\/pt\/wp-json\/wp\/v2\/comments?post=12770"}],"wp:featuredmedia":[{"embeddable":true,"href":"https:\/\/casadaescavadeira.com.br\/pt\/wp-json\/wp\/v2\/media\/16657"}],"wp:attachment":[{"href":"https:\/\/casadaescavadeira.com.br\/pt\/wp-json\/wp\/v2\/media?parent=12770"}],"wp:term":[{"taxonomy":"product_brand","embeddable":true,"href":"https:\/\/casadaescavadeira.com.br\/pt\/wp-json\/wp\/v2\/product_brand?post=12770"},{"taxonomy":"product_cat","embeddable":true,"href":"https:\/\/casadaescavadeira.com.br\/pt\/wp-json\/wp\/v2\/product_cat?post=12770"},{"taxonomy":"product_tag","embeddable":true,"href":"https:\/\/casadaescavadeira.com.br\/pt\/wp-json\/wp\/v2\/product_tag?post=12770"}],"curies":[{"name":"wp","href":"https:\/\/api.w.org\/{rel}","templated":true}]}}