{"id":12764,"date":"2019-04-20T17:08:51","date_gmt":"2019-04-20T20:08:51","guid":{"rendered":"https:\/\/casadaescavadeira.com.br\/?post_type=product&#038;p=12764"},"modified":"2023-11-28T11:32:59","modified_gmt":"2023-11-28T14:32:59","slug":"kit-de-vedacao-do-comando-cat320d","status":"publish","type":"product","link":"https:\/\/casadaescavadeira.com.br\/pt\/produto\/kit-de-vedacao-do-comando-cat320d\/","title":{"rendered":"KIT DE VEDA\u00c7\u00c3O DO COMANDO CAT320C"},"content":{"rendered":"<p>Kit de veda\u00e7\u00e3o composto por diversos itens de pl\u00e1stico, borracha e seus derivados condicionados em pequenas embalagens pl\u00e1sticas. S\u00e3o aplicado nos comandos hidr\u00e1ulicos das\u00a0 escavadeiras hidr\u00e1ulicas da marca e modelo Caterpillar CAT320C.<\/p>","protected":false},"excerpt":{"rendered":"<p>Kit de veda\u00e7\u00e3o composto por diversos itens de pl\u00e1stico, borracha e seus derivados condicionados em pequenas embalagens pl\u00e1sticas. S\u00e3o aplicado nos comandos hidr\u00e1ulicos das\u00a0 escavadeiras hidr\u00e1ulicas da marca e modelo Caterpillar CAT320C.<\/p>","protected":false},"featured_media":16435,"comment_status":"closed","ping_status":"closed","template":"","meta":{"_acf_changed":false,"om_disable_all_campaigns":false,"_monsterinsights_skip_tracking":false,"_monsterinsights_sitenote_active":false,"_monsterinsights_sitenote_note":"","_monsterinsights_sitenote_category":0,"_uf_show_specific_survey":0,"_uf_disable_surveys":false},"product_brand":[],"product_cat":[1239,82],"product_tag":[],"class_list":{"0":"post-12764","1":"product","2":"type-product","3":"status-publish","4":"has-post-thumbnail","6":"product_cat-vedacao-do-comando","7":"product_cat-vedacoes","9":"first","10":"instock","11":"shipping-taxable","12":"product-type-simple"},"acf":[],"aioseo_notices":[],"_links":{"self":[{"href":"https:\/\/casadaescavadeira.com.br\/pt\/wp-json\/wp\/v2\/product\/12764","targetHints":{"allow":["GET"]}}],"collection":[{"href":"https:\/\/casadaescavadeira.com.br\/pt\/wp-json\/wp\/v2\/product"}],"about":[{"href":"https:\/\/casadaescavadeira.com.br\/pt\/wp-json\/wp\/v2\/types\/product"}],"replies":[{"embeddable":true,"href":"https:\/\/casadaescavadeira.com.br\/pt\/wp-json\/wp\/v2\/comments?post=12764"}],"wp:featuredmedia":[{"embeddable":true,"href":"https:\/\/casadaescavadeira.com.br\/pt\/wp-json\/wp\/v2\/media\/16435"}],"wp:attachment":[{"href":"https:\/\/casadaescavadeira.com.br\/pt\/wp-json\/wp\/v2\/media?parent=12764"}],"wp:term":[{"taxonomy":"product_brand","embeddable":true,"href":"https:\/\/casadaescavadeira.com.br\/pt\/wp-json\/wp\/v2\/product_brand?post=12764"},{"taxonomy":"product_cat","embeddable":true,"href":"https:\/\/casadaescavadeira.com.br\/pt\/wp-json\/wp\/v2\/product_cat?post=12764"},{"taxonomy":"product_tag","embeddable":true,"href":"https:\/\/casadaescavadeira.com.br\/pt\/wp-json\/wp\/v2\/product_tag?post=12764"}],"curies":[{"name":"wp","href":"https:\/\/api.w.org\/{rel}","templated":true}]}}