{"id":12762,"date":"2019-04-20T17:02:06","date_gmt":"2019-04-20T20:02:06","guid":{"rendered":"https:\/\/casadaescavadeira.com.br\/?post_type=product&#038;p=12762"},"modified":"2023-11-28T11:35:45","modified_gmt":"2023-11-28T14:35:45","slug":"kit-de-vedacao-do-comando-r210-lc7","status":"publish","type":"product","link":"https:\/\/casadaescavadeira.com.br\/pt\/produto\/kit-de-vedacao-do-comando-r210-lc7\/","title":{"rendered":"KIT DE VEDA\u00c7\u00c3O COMANDO AMARELO R210-7"},"content":{"rendered":"<p>Kit de veda\u00e7\u00e3o composto por diversos itens de pl\u00e1stico, borracha e seus derivados condicionados em pequenas embalagens pl\u00e1sticas. S\u00e3o aplicado nos comandos hidr\u00e1ulicos das\u00a0 escavadeiras hidr\u00e1ulicas da marca e modelo Hyundai R210-7 s\u00e9rie amarela.<\/p>","protected":false},"excerpt":{"rendered":"<p>Kit de veda\u00e7\u00e3o composto por diversos itens de pl\u00e1stico, borracha e seus derivados condicionados em pequenas embalagens pl\u00e1sticas. S\u00e3o aplicado nos comandos hidr\u00e1ulicos das\u00a0 escavadeiras hidr\u00e1ulicas da marca e modelo Hyundai R210-7 s\u00e9rie amarela.<\/p>","protected":false},"featured_media":16437,"comment_status":"closed","ping_status":"closed","template":"","meta":{"_acf_changed":false,"om_disable_all_campaigns":false,"_monsterinsights_skip_tracking":false,"_monsterinsights_sitenote_active":false,"_monsterinsights_sitenote_note":"","_monsterinsights_sitenote_category":0,"_uf_show_specific_survey":0,"_uf_disable_surveys":false},"product_brand":[],"product_cat":[1239,82],"product_tag":[],"class_list":{"0":"post-12762","1":"product","2":"type-product","3":"status-publish","4":"has-post-thumbnail","6":"product_cat-vedacao-do-comando","7":"product_cat-vedacoes","9":"first","10":"instock","11":"shipping-taxable","12":"product-type-simple"},"acf":[],"aioseo_notices":[],"_links":{"self":[{"href":"https:\/\/casadaescavadeira.com.br\/pt\/wp-json\/wp\/v2\/product\/12762","targetHints":{"allow":["GET"]}}],"collection":[{"href":"https:\/\/casadaescavadeira.com.br\/pt\/wp-json\/wp\/v2\/product"}],"about":[{"href":"https:\/\/casadaescavadeira.com.br\/pt\/wp-json\/wp\/v2\/types\/product"}],"replies":[{"embeddable":true,"href":"https:\/\/casadaescavadeira.com.br\/pt\/wp-json\/wp\/v2\/comments?post=12762"}],"wp:featuredmedia":[{"embeddable":true,"href":"https:\/\/casadaescavadeira.com.br\/pt\/wp-json\/wp\/v2\/media\/16437"}],"wp:attachment":[{"href":"https:\/\/casadaescavadeira.com.br\/pt\/wp-json\/wp\/v2\/media?parent=12762"}],"wp:term":[{"taxonomy":"product_brand","embeddable":true,"href":"https:\/\/casadaescavadeira.com.br\/pt\/wp-json\/wp\/v2\/product_brand?post=12762"},{"taxonomy":"product_cat","embeddable":true,"href":"https:\/\/casadaescavadeira.com.br\/pt\/wp-json\/wp\/v2\/product_cat?post=12762"},{"taxonomy":"product_tag","embeddable":true,"href":"https:\/\/casadaescavadeira.com.br\/pt\/wp-json\/wp\/v2\/product_tag?post=12762"}],"curies":[{"name":"wp","href":"https:\/\/api.w.org\/{rel}","templated":true}]}}