{"id":12755,"date":"2019-04-20T16:39:33","date_gmt":"2019-04-20T19:39:33","guid":{"rendered":"https:\/\/casadaescavadeira.com.br\/?post_type=product&#038;p=12755"},"modified":"2023-08-19T08:05:53","modified_gmt":"2023-08-19T11:05:53","slug":"kit-de-vedacao-do-braco-cat320d","status":"publish","type":"product","link":"https:\/\/casadaescavadeira.com.br\/pt\/produto\/kit-de-vedacao-do-braco-cat320d\/","title":{"rendered":"KIT DE VEDA\u00c7\u00c3O DO BRA\u00c7O CAT320C\/CAT320D\/CAT323 (100X140)"},"content":{"rendered":"<p>Kit de veda\u00e7\u00e3o \u00e9 composto por diversos itens de pl\u00e1stico, borracha e seus derivados, condicionados em pequenas embalagens pl\u00e1sticas. S\u00e3o aplicados em cilindros hidr\u00e1ulicos do bra\u00e7o das escavadeiras hidr\u00e1ulicas da marca Caterpillar CAT320C,CAT320D e CAT323<\/p>","protected":false},"excerpt":{"rendered":"<p>Kit de veda\u00e7\u00e3o \u00e9 composto por diversos itens de pl\u00e1stico, borracha e seus derivados, condicionados em pequenas embalagens pl\u00e1sticas. S\u00e3o aplicados em cilindros hidr\u00e1ulicos do bra\u00e7o das escavadeiras hidr\u00e1ulicas da marca Caterpillar CAT320C,CAT320D e CAT323<\/p>","protected":false},"featured_media":16453,"comment_status":"closed","ping_status":"closed","template":"","meta":{"_acf_changed":false,"om_disable_all_campaigns":false,"_monsterinsights_skip_tracking":false,"_monsterinsights_sitenote_active":false,"_monsterinsights_sitenote_note":"","_monsterinsights_sitenote_category":0,"_uf_show_specific_survey":0,"_uf_disable_surveys":false},"product_brand":[],"product_cat":[1061,82],"product_tag":[367,368,369,370,371,372],"class_list":{"0":"post-12755","1":"product","2":"type-product","3":"status-publish","4":"has-post-thumbnail","6":"product_cat-vedacao-do-cilindro","7":"product_cat-vedacoes","8":"product_tag-367","9":"product_tag-368","10":"product_tag-369","11":"product_tag-370","12":"product_tag-371","13":"product_tag-372","15":"first","16":"instock","17":"shipping-taxable","18":"product-type-simple"},"acf":[],"aioseo_notices":[],"_links":{"self":[{"href":"https:\/\/casadaescavadeira.com.br\/pt\/wp-json\/wp\/v2\/product\/12755","targetHints":{"allow":["GET"]}}],"collection":[{"href":"https:\/\/casadaescavadeira.com.br\/pt\/wp-json\/wp\/v2\/product"}],"about":[{"href":"https:\/\/casadaescavadeira.com.br\/pt\/wp-json\/wp\/v2\/types\/product"}],"replies":[{"embeddable":true,"href":"https:\/\/casadaescavadeira.com.br\/pt\/wp-json\/wp\/v2\/comments?post=12755"}],"wp:featuredmedia":[{"embeddable":true,"href":"https:\/\/casadaescavadeira.com.br\/pt\/wp-json\/wp\/v2\/media\/16453"}],"wp:attachment":[{"href":"https:\/\/casadaescavadeira.com.br\/pt\/wp-json\/wp\/v2\/media?parent=12755"}],"wp:term":[{"taxonomy":"product_brand","embeddable":true,"href":"https:\/\/casadaescavadeira.com.br\/pt\/wp-json\/wp\/v2\/product_brand?post=12755"},{"taxonomy":"product_cat","embeddable":true,"href":"https:\/\/casadaescavadeira.com.br\/pt\/wp-json\/wp\/v2\/product_cat?post=12755"},{"taxonomy":"product_tag","embeddable":true,"href":"https:\/\/casadaescavadeira.com.br\/pt\/wp-json\/wp\/v2\/product_tag?post=12755"}],"curies":[{"name":"wp","href":"https:\/\/api.w.org\/{rel}","templated":true}]}}