{"id":12747,"date":"2019-04-20T16:13:50","date_gmt":"2019-04-20T19:13:50","guid":{"rendered":"https:\/\/casadaescavadeira.com.br\/?post_type=product&#038;p=12747"},"modified":"2023-08-19T08:19:57","modified_gmt":"2023-08-19T11:19:57","slug":"kit-de-vedacao-da-bomba-concha-hyundai-r210-7","status":"publish","type":"product","link":"https:\/\/casadaescavadeira.com.br\/pt\/produto\/kit-de-vedacao-da-bomba-concha-hyundai-r210-7\/","title":{"rendered":"KIT DE VEDA\u00c7\u00c3O DA CONCHA R210-7 (85X125MM) 31Y1-15700"},"content":{"rendered":"<p>Kit de veda\u00e7\u00e3o \u00e9 composto por diversos itens de pl\u00e1stico, borracha e seus derivados, condicionados em pequenas embalagens pl\u00e1sticas. S\u00e3o aplicados em cilindros hidr\u00e1ulicos da concha das escavadeiras hidr\u00e1ulicas da marca e modelo Hyundai R210-7<\/p>","protected":false},"excerpt":{"rendered":"<p>Kit de veda\u00e7\u00e3o \u00e9 composto por diversos itens de pl\u00e1stico, borracha e seus derivados, condicionados em pequenas embalagens pl\u00e1sticas. S\u00e3o aplicados em cilindros hidr\u00e1ulicos da concha das escavadeiras hidr\u00e1ulicas da marca e modelo Hyundai R210-7<\/p>","protected":false},"featured_media":16461,"comment_status":"closed","ping_status":"closed","template":"","meta":{"_acf_changed":false,"om_disable_all_campaigns":false,"_monsterinsights_skip_tracking":false,"_monsterinsights_sitenote_active":false,"_monsterinsights_sitenote_note":"","_monsterinsights_sitenote_category":0,"_uf_show_specific_survey":0,"_uf_disable_surveys":false},"product_brand":[],"product_cat":[1061,82],"product_tag":[1243],"class_list":{"0":"post-12747","1":"product","2":"type-product","3":"status-publish","4":"has-post-thumbnail","6":"product_cat-vedacao-do-cilindro","7":"product_cat-vedacoes","8":"product_tag-31y1-15700","10":"first","11":"instock","12":"shipping-taxable","13":"product-type-simple"},"acf":[],"aioseo_notices":[],"_links":{"self":[{"href":"https:\/\/casadaescavadeira.com.br\/pt\/wp-json\/wp\/v2\/product\/12747","targetHints":{"allow":["GET"]}}],"collection":[{"href":"https:\/\/casadaescavadeira.com.br\/pt\/wp-json\/wp\/v2\/product"}],"about":[{"href":"https:\/\/casadaescavadeira.com.br\/pt\/wp-json\/wp\/v2\/types\/product"}],"replies":[{"embeddable":true,"href":"https:\/\/casadaescavadeira.com.br\/pt\/wp-json\/wp\/v2\/comments?post=12747"}],"wp:featuredmedia":[{"embeddable":true,"href":"https:\/\/casadaescavadeira.com.br\/pt\/wp-json\/wp\/v2\/media\/16461"}],"wp:attachment":[{"href":"https:\/\/casadaescavadeira.com.br\/pt\/wp-json\/wp\/v2\/media?parent=12747"}],"wp:term":[{"taxonomy":"product_brand","embeddable":true,"href":"https:\/\/casadaescavadeira.com.br\/pt\/wp-json\/wp\/v2\/product_brand?post=12747"},{"taxonomy":"product_cat","embeddable":true,"href":"https:\/\/casadaescavadeira.com.br\/pt\/wp-json\/wp\/v2\/product_cat?post=12747"},{"taxonomy":"product_tag","embeddable":true,"href":"https:\/\/casadaescavadeira.com.br\/pt\/wp-json\/wp\/v2\/product_tag?post=12747"}],"curies":[{"name":"wp","href":"https:\/\/api.w.org\/{rel}","templated":true}]}}