{"id":12745,"date":"2019-04-20T16:10:03","date_gmt":"2019-04-20T19:10:03","guid":{"rendered":"https:\/\/casadaescavadeira.com.br\/?post_type=product&#038;p=12745"},"modified":"2023-08-19T08:25:24","modified_gmt":"2023-08-19T11:25:24","slug":"kit-de-vedacao-da-bomba-k3v180","status":"publish","type":"product","link":"https:\/\/casadaescavadeira.com.br\/pt\/produto\/kit-de-vedacao-da-bomba-k3v180\/","title":{"rendered":"KIT DE VEDA\u00c7\u00c3O DA BOMBA F3V180\/F3V200\/F5V180\/F5V200\/AP3052F"},"content":{"rendered":"<p>Kit de veda\u00e7\u00e3o da bomba \u00e9 composto por an\u00e9is o-rings de borracha de diversos tamanhos,\u00a0 an\u00e9is de encosto de nylon e retentores de ferro com\u00a0 borracha e seus derivados. S\u00e3o condicionados em pequenas embalagens pl\u00e1sticas e aplicados em bombas hidr\u00e1ulicas das fam\u00edlias F3V180, F3V200, F5V180, F5V200, AP3052F e seus similares usados em diversas marcas e modelos de escavadeiras\u00a0 hidr\u00e1ulicas.<\/p>","protected":false},"excerpt":{"rendered":"<p>Kit de veda\u00e7\u00e3o da bomba \u00e9 composto por an\u00e9is o-rings de borracha de diversos tamanhos,\u00a0 an\u00e9is de encosto de nylon e retentores de ferro com\u00a0 borracha e seus derivados. S\u00e3o condicionados em pequenas embalagens pl\u00e1sticas e aplicados em bombas hidr\u00e1ulicas das fam\u00edlias F3V180, F3V200, F5V180, F5V200, AP3052F e seus similares usados em diversas marcas e modelos de escavadeiras\u00a0 hidr\u00e1ulicas.<\/p>","protected":false},"featured_media":16463,"comment_status":"closed","ping_status":"closed","template":"","meta":{"_acf_changed":false,"om_disable_all_campaigns":false,"_monsterinsights_skip_tracking":false,"_monsterinsights_sitenote_active":false,"_monsterinsights_sitenote_note":"","_monsterinsights_sitenote_category":0,"_uf_show_specific_survey":0,"_uf_disable_surveys":false},"product_brand":[],"product_cat":[1060,82],"product_tag":[1244,1245,1246],"class_list":{"0":"post-12745","1":"product","2":"type-product","3":"status-publish","4":"has-post-thumbnail","6":"product_cat-vedacao-da-bomba-hidraulica","7":"product_cat-vedacoes","8":"product_tag-sa-8148-15050","9":"product_tag-sa8148-15050","10":"product_tag-xjbn-01108","12":"first","13":"instock","14":"shipping-taxable","15":"product-type-simple"},"acf":[],"aioseo_notices":[],"_links":{"self":[{"href":"https:\/\/casadaescavadeira.com.br\/pt\/wp-json\/wp\/v2\/product\/12745","targetHints":{"allow":["GET"]}}],"collection":[{"href":"https:\/\/casadaescavadeira.com.br\/pt\/wp-json\/wp\/v2\/product"}],"about":[{"href":"https:\/\/casadaescavadeira.com.br\/pt\/wp-json\/wp\/v2\/types\/product"}],"replies":[{"embeddable":true,"href":"https:\/\/casadaescavadeira.com.br\/pt\/wp-json\/wp\/v2\/comments?post=12745"}],"wp:featuredmedia":[{"embeddable":true,"href":"https:\/\/casadaescavadeira.com.br\/pt\/wp-json\/wp\/v2\/media\/16463"}],"wp:attachment":[{"href":"https:\/\/casadaescavadeira.com.br\/pt\/wp-json\/wp\/v2\/media?parent=12745"}],"wp:term":[{"taxonomy":"product_brand","embeddable":true,"href":"https:\/\/casadaescavadeira.com.br\/pt\/wp-json\/wp\/v2\/product_brand?post=12745"},{"taxonomy":"product_cat","embeddable":true,"href":"https:\/\/casadaescavadeira.com.br\/pt\/wp-json\/wp\/v2\/product_cat?post=12745"},{"taxonomy":"product_tag","embeddable":true,"href":"https:\/\/casadaescavadeira.com.br\/pt\/wp-json\/wp\/v2\/product_tag?post=12745"}],"curies":[{"name":"wp","href":"https:\/\/api.w.org\/{rel}","templated":true}]}}