{"id":12713,"date":"2019-04-13T17:37:41","date_gmt":"2019-04-13T20:37:41","guid":{"rendered":"https:\/\/casadaescavadeira.com.br\/?post_type=product&#038;p=12713"},"modified":"2024-11-25T14:18:45","modified_gmt":"2024-11-25T17:18:45","slug":"acoplamento-110h-plastico","status":"publish","type":"product","link":"https:\/\/casadaescavadeira.com.br\/pt\/produto\/acoplamento-110h-plastico\/","title":{"rendered":"ACOPLAMENTO 110H PL\u00c1STICO"},"content":{"rendered":"<p>Acoplamento 110H pl\u00e1stico \u00e9 uma pe\u00e7a composta de poliuretano condicionado em caixas simples de papel\u00e3o aplicado em escavadeiras hidr\u00e1ulicas de variadas marcas.<\/p>","protected":false},"excerpt":{"rendered":"<p>Acoplamento 110H pl\u00e1stico \u00e9 uma pe\u00e7a composta de poliuretano condicionado em caixas simples de papel\u00e3o aplicado em escavadeiras hidr\u00e1ulicas de variadas marcas.<\/p>","protected":false},"featured_media":16477,"comment_status":"closed","ping_status":"closed","template":"","meta":{"_acf_changed":false,"om_disable_all_campaigns":false,"_monsterinsights_skip_tracking":false,"_monsterinsights_sitenote_active":false,"_monsterinsights_sitenote_note":"","_monsterinsights_sitenote_category":0,"_uf_show_specific_survey":0,"_uf_disable_surveys":false},"product_brand":[],"product_cat":[298],"product_tag":[1253,1254],"class_list":{"0":"post-12713","1":"product","2":"type-product","3":"status-publish","4":"has-post-thumbnail","6":"product_cat-acoplamento-flexivel","7":"product_tag-voe-14515828","8":"product_tag-voe14515828","9":"pa_marca-volvo","11":"first","12":"instock","13":"shipping-taxable","14":"product-type-simple"},"acf":[],"aioseo_notices":[],"_links":{"self":[{"href":"https:\/\/casadaescavadeira.com.br\/pt\/wp-json\/wp\/v2\/product\/12713","targetHints":{"allow":["GET"]}}],"collection":[{"href":"https:\/\/casadaescavadeira.com.br\/pt\/wp-json\/wp\/v2\/product"}],"about":[{"href":"https:\/\/casadaescavadeira.com.br\/pt\/wp-json\/wp\/v2\/types\/product"}],"replies":[{"embeddable":true,"href":"https:\/\/casadaescavadeira.com.br\/pt\/wp-json\/wp\/v2\/comments?post=12713"}],"wp:featuredmedia":[{"embeddable":true,"href":"https:\/\/casadaescavadeira.com.br\/pt\/wp-json\/wp\/v2\/media\/16477"}],"wp:attachment":[{"href":"https:\/\/casadaescavadeira.com.br\/pt\/wp-json\/wp\/v2\/media?parent=12713"}],"wp:term":[{"taxonomy":"product_brand","embeddable":true,"href":"https:\/\/casadaescavadeira.com.br\/pt\/wp-json\/wp\/v2\/product_brand?post=12713"},{"taxonomy":"product_cat","embeddable":true,"href":"https:\/\/casadaescavadeira.com.br\/pt\/wp-json\/wp\/v2\/product_cat?post=12713"},{"taxonomy":"product_tag","embeddable":true,"href":"https:\/\/casadaescavadeira.com.br\/pt\/wp-json\/wp\/v2\/product_tag?post=12713"}],"curies":[{"name":"wp","href":"https:\/\/api.w.org\/{rel}","templated":true}]}}