{"id":12677,"date":"2019-03-04T12:19:33","date_gmt":"2019-03-04T15:19:33","guid":{"rendered":"https:\/\/casadaescavadeira.com.br\/?post_type=product&#038;p=12677"},"modified":"2024-11-18T16:23:08","modified_gmt":"2024-11-18T19:23:08","slug":"bomba-hidraulica-f3v112dtp-9tel-pto","status":"publish","type":"product","link":"https:\/\/casadaescavadeira.com.br\/pt\/produto\/bomba-hidraulica-f3v112dtp-9tel-pto\/","title":{"rendered":"BOMBA HIDR\u00c1ULICA F3V112DTP-9TEL COM PTO (E215\/CX220)"},"content":{"rendered":"<p>F3V112DTP-9TEL-PTO s\u00e3o bombas hidr\u00e1ulicas volum\u00e9tricas rotativas de pist\u00f5es axiais e fluxo vari\u00e1vel, para acionamento hidrost\u00e1tico em circuitos fechados, de dupla a\u00e7\u00e3o com 224cm\u00b3\/rev, m\u00e1ximo de 2360 rpm, com vaz\u00e3o aproximada de 528l\/min, press\u00e3o de trabalho 34.3mpa ou 343bar e press\u00e3o m\u00e1xima de 39.2 mpa ou 392bar. Aplicadas em escavadeiras da marca New Holland e Case modelos E215 e CX220 respectivamente e similares.<\/p>","protected":false},"excerpt":{"rendered":"<p>F3V112DTP-9TEL-PTO s\u00e3o bombas hidr\u00e1ulicas volum\u00e9tricas rotativas de pist\u00f5es axiais e fluxo vari\u00e1vel, para acionamento hidrost\u00e1tico em circuitos fechados, de dupla a\u00e7\u00e3o com 224cm\u00b3\/rev, m\u00e1ximo de 2360 rpm, com vaz\u00e3o aproximada de 528l\/min, press\u00e3o de trabalho 34.3mpa ou 343bar e press\u00e3o m\u00e1xima de 39.2 mpa ou 392bar. Aplicadas em escavadeiras da marca New Holland e Case modelos E215 e CX220 respectivamente e similares.<\/p>","protected":false},"featured_media":12678,"comment_status":"closed","ping_status":"closed","template":"","meta":{"_acf_changed":false,"om_disable_all_campaigns":false,"_monsterinsights_skip_tracking":false,"_monsterinsights_sitenote_active":false,"_monsterinsights_sitenote_note":"","_monsterinsights_sitenote_category":0,"_uf_show_specific_survey":0,"_uf_disable_surveys":false},"product_brand":[],"product_cat":[19,1052],"product_tag":[281],"class_list":{"0":"post-12677","1":"product","2":"type-product","3":"status-publish","4":"has-post-thumbnail","6":"product_cat-bombas-hidraulicas","7":"product_cat-k3v-series-kawasaki-bombas-hidraulicas","8":"product_tag-281","9":"pa_marca-case","10":"pa_marca-new-holland","12":"first","13":"instock","14":"shipping-taxable","15":"product-type-simple"},"acf":[],"aioseo_notices":[],"_links":{"self":[{"href":"https:\/\/casadaescavadeira.com.br\/pt\/wp-json\/wp\/v2\/product\/12677","targetHints":{"allow":["GET"]}}],"collection":[{"href":"https:\/\/casadaescavadeira.com.br\/pt\/wp-json\/wp\/v2\/product"}],"about":[{"href":"https:\/\/casadaescavadeira.com.br\/pt\/wp-json\/wp\/v2\/types\/product"}],"replies":[{"embeddable":true,"href":"https:\/\/casadaescavadeira.com.br\/pt\/wp-json\/wp\/v2\/comments?post=12677"}],"wp:featuredmedia":[{"embeddable":true,"href":"https:\/\/casadaescavadeira.com.br\/pt\/wp-json\/wp\/v2\/media\/12678"}],"wp:attachment":[{"href":"https:\/\/casadaescavadeira.com.br\/pt\/wp-json\/wp\/v2\/media?parent=12677"}],"wp:term":[{"taxonomy":"product_brand","embeddable":true,"href":"https:\/\/casadaescavadeira.com.br\/pt\/wp-json\/wp\/v2\/product_brand?post=12677"},{"taxonomy":"product_cat","embeddable":true,"href":"https:\/\/casadaescavadeira.com.br\/pt\/wp-json\/wp\/v2\/product_cat?post=12677"},{"taxonomy":"product_tag","embeddable":true,"href":"https:\/\/casadaescavadeira.com.br\/pt\/wp-json\/wp\/v2\/product_tag?post=12677"}],"curies":[{"name":"wp","href":"https:\/\/api.w.org\/{rel}","templated":true}]}}