{"id":12550,"date":"2018-04-24T15:39:50","date_gmt":"2018-04-24T18:39:50","guid":{"rendered":"https:\/\/casadaescavadeira.com.br\/?post_type=product&#038;p=12550"},"modified":"2023-08-18T11:01:16","modified_gmt":"2023-08-18T14:01:16","slug":"motoredutor-de-translacao-ftm40vc-176-95-1","status":"publish","type":"product","link":"https:\/\/casadaescavadeira.com.br\/pt\/produto\/motoredutor-de-translacao-ftm40vc-176-95-1\/","title":{"rendered":"MOTOREDUTOR DE TRANSLA\u00c7\u00c3O FTM40VC 176\/95-1 TIPO FLANGE (LONKING6225)"},"content":{"rendered":"<p>FTM40VC tipo flange \u00e9 um motor hidr\u00e1ulico de pist\u00e3o axial de placa inclin\u00e1vel com deslocamento volum\u00e9trico vari\u00e1vel entre 95 a 176cm\u00b3\/revolu\u00e7\u00e3o, press\u00e3o m\u00e1xima 34.3MPa, conjugado a um redutor planet\u00e1rio com rela\u00e7\u00e3o de transmiss\u00e3o de 48x, torque m\u00e1ximo de 43532 N.m para sistemas de locomo\u00e7\u00e3o de m\u00e1quinas autopropulsadas.<\/p>","protected":false},"excerpt":{"rendered":"<p>FTM40VC tipo flange \u00e9 um motor hidr\u00e1ulico de pist\u00e3o axial de placa inclin\u00e1vel com deslocamento volum\u00e9trico vari\u00e1vel entre 95 a 176cm\u00b3\/revolu\u00e7\u00e3o, press\u00e3o m\u00e1xima 34.3MPa, conjugado a um redutor planet\u00e1rio com rela\u00e7\u00e3o de transmiss\u00e3o de 48x, torque m\u00e1ximo de 43532 N.m para sistemas de locomo\u00e7\u00e3o de m\u00e1quinas autopropulsadas.<\/p>","protected":false},"featured_media":16409,"comment_status":"closed","ping_status":"closed","template":"","meta":{"_acf_changed":false,"om_disable_all_campaigns":false,"_monsterinsights_skip_tracking":false,"_monsterinsights_sitenote_active":false,"_monsterinsights_sitenote_note":"","_monsterinsights_sitenote_category":0,"_uf_show_specific_survey":0,"_uf_disable_surveys":false},"product_brand":[],"product_cat":[192,1199],"product_tag":[],"class_list":{"0":"post-12550","1":"product","2":"type-product","3":"status-publish","4":"has-post-thumbnail","6":"product_cat-motoredutor-de-tracao","7":"product_cat-tm-series-doosan-motoredutor-de-tracao","9":"first","10":"instock","11":"shipping-taxable","12":"product-type-simple"},"acf":[],"aioseo_notices":[],"_links":{"self":[{"href":"https:\/\/casadaescavadeira.com.br\/pt\/wp-json\/wp\/v2\/product\/12550","targetHints":{"allow":["GET"]}}],"collection":[{"href":"https:\/\/casadaescavadeira.com.br\/pt\/wp-json\/wp\/v2\/product"}],"about":[{"href":"https:\/\/casadaescavadeira.com.br\/pt\/wp-json\/wp\/v2\/types\/product"}],"replies":[{"embeddable":true,"href":"https:\/\/casadaescavadeira.com.br\/pt\/wp-json\/wp\/v2\/comments?post=12550"}],"wp:featuredmedia":[{"embeddable":true,"href":"https:\/\/casadaescavadeira.com.br\/pt\/wp-json\/wp\/v2\/media\/16409"}],"wp:attachment":[{"href":"https:\/\/casadaescavadeira.com.br\/pt\/wp-json\/wp\/v2\/media?parent=12550"}],"wp:term":[{"taxonomy":"product_brand","embeddable":true,"href":"https:\/\/casadaescavadeira.com.br\/pt\/wp-json\/wp\/v2\/product_brand?post=12550"},{"taxonomy":"product_cat","embeddable":true,"href":"https:\/\/casadaescavadeira.com.br\/pt\/wp-json\/wp\/v2\/product_cat?post=12550"},{"taxonomy":"product_tag","embeddable":true,"href":"https:\/\/casadaescavadeira.com.br\/pt\/wp-json\/wp\/v2\/product_tag?post=12550"}],"curies":[{"name":"wp","href":"https:\/\/api.w.org\/{rel}","templated":true}]}}