{"id":12495,"date":"2017-08-22T10:19:04","date_gmt":"2017-08-22T13:19:04","guid":{"rendered":"https:\/\/casadaescavadeira.com.br\/?post_type=product&#038;p=12495"},"modified":"2023-11-10T14:37:46","modified_gmt":"2023-11-10T17:37:46","slug":"rotor-e-placa-valvula-l","status":"publish","type":"product","link":"https:\/\/casadaescavadeira.com.br\/pt\/produto\/rotor-e-placa-valvula-l\/","title":{"rendered":"ROTOR E PLACA DE V\u00c1LVULA (L) F3V63\/F5V80"},"content":{"rendered":"<p>Rotor e placa v\u00e1lvula (L) s\u00e3o pe\u00e7as de a\u00e7o carbono exclusivas para bombas hidr\u00e1ulicas modelo F3V63 ou equivalentes<\/p>","protected":false},"excerpt":{"rendered":"<p>Rotor e placa v\u00e1lvula (L) s\u00e3o pe\u00e7as de a\u00e7o carbono exclusivas para bombas hidr\u00e1ulicas modelo F3V63 ou equivalentes<\/p>","protected":false},"featured_media":16427,"comment_status":"closed","ping_status":"closed","template":"","meta":{"_acf_changed":false,"om_disable_all_campaigns":false,"_monsterinsights_skip_tracking":false,"_monsterinsights_sitenote_active":false,"_monsterinsights_sitenote_note":"","_monsterinsights_sitenote_category":0,"_uf_show_specific_survey":0,"_uf_disable_surveys":false},"product_brand":[],"product_cat":[78,71,38,39],"product_tag":[1232,1233,1234,150,776,151,1230],"class_list":{"0":"post-12495","1":"product","2":"type-product","3":"status-publish","4":"has-post-thumbnail","6":"product_cat-k3v-series-kawasaki","7":"product_cat-k5v-series-kawasaki-pecas","8":"product_cat-partes-e-pecas","9":"product_cat-bomba-hidraulica-pecas","10":"product_tag-sa-8230-09310","11":"product_tag-sa8230-09310","12":"product_tag-xjbn-000799","13":"product_tag-xjbn-00412","14":"product_tag-xjbn-00428","15":"product_tag-xjbn-00435","16":"product_tag-xjbn-00807","18":"first","19":"instock","20":"shipping-taxable","21":"product-type-simple"},"acf":[],"aioseo_notices":[],"_links":{"self":[{"href":"https:\/\/casadaescavadeira.com.br\/pt\/wp-json\/wp\/v2\/product\/12495","targetHints":{"allow":["GET"]}}],"collection":[{"href":"https:\/\/casadaescavadeira.com.br\/pt\/wp-json\/wp\/v2\/product"}],"about":[{"href":"https:\/\/casadaescavadeira.com.br\/pt\/wp-json\/wp\/v2\/types\/product"}],"replies":[{"embeddable":true,"href":"https:\/\/casadaescavadeira.com.br\/pt\/wp-json\/wp\/v2\/comments?post=12495"}],"wp:featuredmedia":[{"embeddable":true,"href":"https:\/\/casadaescavadeira.com.br\/pt\/wp-json\/wp\/v2\/media\/16427"}],"wp:attachment":[{"href":"https:\/\/casadaescavadeira.com.br\/pt\/wp-json\/wp\/v2\/media?parent=12495"}],"wp:term":[{"taxonomy":"product_brand","embeddable":true,"href":"https:\/\/casadaescavadeira.com.br\/pt\/wp-json\/wp\/v2\/product_brand?post=12495"},{"taxonomy":"product_cat","embeddable":true,"href":"https:\/\/casadaescavadeira.com.br\/pt\/wp-json\/wp\/v2\/product_cat?post=12495"},{"taxonomy":"product_tag","embeddable":true,"href":"https:\/\/casadaescavadeira.com.br\/pt\/wp-json\/wp\/v2\/product_tag?post=12495"}],"curies":[{"name":"wp","href":"https:\/\/api.w.org\/{rel}","templated":true}]}}