{"id":12488,"date":"2017-08-22T10:19:02","date_gmt":"2017-08-22T13:19:02","guid":{"rendered":"https:\/\/casadaescavadeira.com.br\/?post_type=product&#038;p=12488"},"modified":"2023-08-15T16:00:18","modified_gmt":"2023-08-15T19:00:18","slug":"placa-de-torque","status":"publish","type":"product","link":"https:\/\/casadaescavadeira.com.br\/pt\/produto\/placa-de-torque\/","title":{"rendered":"PLACA DE TORQUE F3V63\/F5V80"},"content":{"rendered":"<p>Placa de torque s\u00e3o pe\u00e7as de a\u00e7o carbono exclusivas para bombas hidr\u00e1ulicas do modelo F3V63 ou equivalentes<\/p>","protected":false},"excerpt":{"rendered":"<p>Placa de torque s\u00e3o pe\u00e7as de a\u00e7o carbono exclusivas para bombas hidr\u00e1ulicas do modelo F3V63 ou equivalentes<\/p>","protected":false},"featured_media":16193,"comment_status":"closed","ping_status":"closed","template":"","meta":{"_acf_changed":false,"om_disable_all_campaigns":false,"_monsterinsights_skip_tracking":false,"_monsterinsights_sitenote_active":false,"_monsterinsights_sitenote_note":"","_monsterinsights_sitenote_category":0,"_uf_show_specific_survey":0,"_uf_disable_surveys":false},"product_brand":[],"product_cat":[78,71,38,39],"product_tag":[1110,1111,1112,136],"class_list":{"0":"post-12488","1":"product","2":"type-product","3":"status-publish","4":"has-post-thumbnail","6":"product_cat-k3v-series-kawasaki","7":"product_cat-k5v-series-kawasaki-pecas","8":"product_cat-partes-e-pecas","9":"product_cat-bomba-hidraulica-pecas","10":"product_tag-20-950616","11":"product_tag-sa-8230-09620","12":"product_tag-sa8230-09620","13":"product_tag-xjbn-00420","15":"first","16":"instock","17":"shipping-taxable","18":"product-type-simple"},"acf":[],"aioseo_notices":[],"_links":{"self":[{"href":"https:\/\/casadaescavadeira.com.br\/pt\/wp-json\/wp\/v2\/product\/12488","targetHints":{"allow":["GET"]}}],"collection":[{"href":"https:\/\/casadaescavadeira.com.br\/pt\/wp-json\/wp\/v2\/product"}],"about":[{"href":"https:\/\/casadaescavadeira.com.br\/pt\/wp-json\/wp\/v2\/types\/product"}],"replies":[{"embeddable":true,"href":"https:\/\/casadaescavadeira.com.br\/pt\/wp-json\/wp\/v2\/comments?post=12488"}],"wp:featuredmedia":[{"embeddable":true,"href":"https:\/\/casadaescavadeira.com.br\/pt\/wp-json\/wp\/v2\/media\/16193"}],"wp:attachment":[{"href":"https:\/\/casadaescavadeira.com.br\/pt\/wp-json\/wp\/v2\/media?parent=12488"}],"wp:term":[{"taxonomy":"product_brand","embeddable":true,"href":"https:\/\/casadaescavadeira.com.br\/pt\/wp-json\/wp\/v2\/product_brand?post=12488"},{"taxonomy":"product_cat","embeddable":true,"href":"https:\/\/casadaescavadeira.com.br\/pt\/wp-json\/wp\/v2\/product_cat?post=12488"},{"taxonomy":"product_tag","embeddable":true,"href":"https:\/\/casadaescavadeira.com.br\/pt\/wp-json\/wp\/v2\/product_tag?post=12488"}],"curies":[{"name":"wp","href":"https:\/\/api.w.org\/{rel}","templated":true}]}}