{"id":12479,"date":"2017-08-22T10:19:00","date_gmt":"2017-08-22T13:19:00","guid":{"rendered":"https:\/\/casadaescavadeira.com.br\/?post_type=product&#038;p=12479"},"modified":"2023-08-16T17:24:09","modified_gmt":"2023-08-16T20:24:09","slug":"bomba-piloto-k3v112-2","status":"publish","type":"product","link":"https:\/\/casadaescavadeira.com.br\/pt\/produto\/bomba-piloto-k3v112-2\/","title":{"rendered":"BOMBA PILOTO K3V112 4P Z13 15G 1 DRENO INTERNO 2 SAIDAS Y-Z"},"content":{"rendered":"<p>Bomba piloto s\u00e3o componentes de alum\u00ednio com capacidade de 15 GAL\u00d5ES\/MINUTO com 4 parafusos de fixa\u00e7\u00e3o, 1 dreno interno e 2 sa\u00eddas de press\u00e3o. Para aplica\u00e7\u00e3o exclusiva em bombas hidr\u00e1ulicas volum\u00e9tricas rotativa K3V112 ou equivalentes.<\/p>","protected":false},"excerpt":{"rendered":"<p>Bomba piloto s\u00e3o componentes de alum\u00ednio com capacidade de 15 GAL\u00d5ES\/MINUTO com 4 parafusos de fixa\u00e7\u00e3o, 1 dreno interno e 2 sa\u00eddas de press\u00e3o. Para aplica\u00e7\u00e3o exclusiva em bombas hidr\u00e1ulicas volum\u00e9tricas rotativa K3V112 ou equivalentes.<\/p>","protected":false},"featured_media":16199,"comment_status":"closed","ping_status":"closed","template":"","meta":{"_acf_changed":false,"om_disable_all_campaigns":false,"_monsterinsights_skip_tracking":false,"_monsterinsights_sitenote_active":false,"_monsterinsights_sitenote_note":"","_monsterinsights_sitenote_category":0,"_uf_show_specific_survey":0,"_uf_disable_surveys":false},"product_brand":[],"product_cat":[78,38,39],"product_tag":[],"class_list":{"0":"post-12479","1":"product","2":"type-product","3":"status-publish","4":"has-post-thumbnail","6":"product_cat-k3v-series-kawasaki","7":"product_cat-partes-e-pecas","8":"product_cat-bomba-hidraulica-pecas","10":"first","11":"instock","12":"shipping-taxable","13":"product-type-simple"},"acf":[],"aioseo_notices":[],"_links":{"self":[{"href":"https:\/\/casadaescavadeira.com.br\/pt\/wp-json\/wp\/v2\/product\/12479","targetHints":{"allow":["GET"]}}],"collection":[{"href":"https:\/\/casadaescavadeira.com.br\/pt\/wp-json\/wp\/v2\/product"}],"about":[{"href":"https:\/\/casadaescavadeira.com.br\/pt\/wp-json\/wp\/v2\/types\/product"}],"replies":[{"embeddable":true,"href":"https:\/\/casadaescavadeira.com.br\/pt\/wp-json\/wp\/v2\/comments?post=12479"}],"wp:featuredmedia":[{"embeddable":true,"href":"https:\/\/casadaescavadeira.com.br\/pt\/wp-json\/wp\/v2\/media\/16199"}],"wp:attachment":[{"href":"https:\/\/casadaescavadeira.com.br\/pt\/wp-json\/wp\/v2\/media?parent=12479"}],"wp:term":[{"taxonomy":"product_brand","embeddable":true,"href":"https:\/\/casadaescavadeira.com.br\/pt\/wp-json\/wp\/v2\/product_brand?post=12479"},{"taxonomy":"product_cat","embeddable":true,"href":"https:\/\/casadaescavadeira.com.br\/pt\/wp-json\/wp\/v2\/product_cat?post=12479"},{"taxonomy":"product_tag","embeddable":true,"href":"https:\/\/casadaescavadeira.com.br\/pt\/wp-json\/wp\/v2\/product_tag?post=12479"}],"curies":[{"name":"wp","href":"https:\/\/api.w.org\/{rel}","templated":true}]}}