{"id":12468,"date":"2017-08-22T10:18:57","date_gmt":"2017-08-22T13:18:57","guid":{"rendered":"https:\/\/casadaescavadeira.com.br\/?post_type=product&#038;p=12468"},"modified":"2023-08-14T14:56:35","modified_gmt":"2023-08-14T17:56:35","slug":"conjunto-9-molas-do-rotor-f3v112","status":"publish","type":"product","link":"https:\/\/casadaescavadeira.com.br\/pt\/produto\/conjunto-9-molas-do-rotor-f3v112\/","title":{"rendered":"CONJUNTO 9 MOLAS DO ROTOR K3V112\/K7V63"},"content":{"rendered":"<p>Molas cil\u00edndricas helicoidais de a\u00e7o para uso em bombas hidr\u00e1ulicas F3V112 ou equivalentes<\/p>","protected":false},"excerpt":{"rendered":"<p>Molas cil\u00edndricas helicoidais de a\u00e7o para uso em bombas hidr\u00e1ulicas F3V112 ou equivalentes<\/p>","protected":false},"featured_media":16229,"comment_status":"closed","ping_status":"closed","template":"","meta":{"_acf_changed":false,"om_disable_all_campaigns":false,"_monsterinsights_skip_tracking":false,"_monsterinsights_sitenote_active":false,"_monsterinsights_sitenote_note":"","_monsterinsights_sitenote_category":0,"_uf_show_specific_survey":0,"_uf_disable_surveys":false},"product_brand":[],"product_cat":[78,768,38,39],"product_tag":[112,1144,1145,1146,1147,1148],"class_list":{"0":"post-12468","1":"product","2":"type-product","3":"status-publish","4":"has-post-thumbnail","6":"product_cat-k3v-series-kawasaki","7":"product_cat-k7v-series-kawasaki-pecas","8":"product_cat-partes-e-pecas","9":"product_cat-bomba-hidraulica-pecas","10":"product_tag-112","11":"product_tag-sa-8230-09710","12":"product_tag-sa8230-09710","13":"product_tag-voe-14727841","14":"product_tag-voe14727841","15":"product_tag-xjbn-00084","17":"first","18":"instock","19":"shipping-taxable","20":"product-type-simple"},"acf":[],"aioseo_notices":[],"_links":{"self":[{"href":"https:\/\/casadaescavadeira.com.br\/pt\/wp-json\/wp\/v2\/product\/12468","targetHints":{"allow":["GET"]}}],"collection":[{"href":"https:\/\/casadaescavadeira.com.br\/pt\/wp-json\/wp\/v2\/product"}],"about":[{"href":"https:\/\/casadaescavadeira.com.br\/pt\/wp-json\/wp\/v2\/types\/product"}],"replies":[{"embeddable":true,"href":"https:\/\/casadaescavadeira.com.br\/pt\/wp-json\/wp\/v2\/comments?post=12468"}],"wp:featuredmedia":[{"embeddable":true,"href":"https:\/\/casadaescavadeira.com.br\/pt\/wp-json\/wp\/v2\/media\/16229"}],"wp:attachment":[{"href":"https:\/\/casadaescavadeira.com.br\/pt\/wp-json\/wp\/v2\/media?parent=12468"}],"wp:term":[{"taxonomy":"product_brand","embeddable":true,"href":"https:\/\/casadaescavadeira.com.br\/pt\/wp-json\/wp\/v2\/product_brand?post=12468"},{"taxonomy":"product_cat","embeddable":true,"href":"https:\/\/casadaescavadeira.com.br\/pt\/wp-json\/wp\/v2\/product_cat?post=12468"},{"taxonomy":"product_tag","embeddable":true,"href":"https:\/\/casadaescavadeira.com.br\/pt\/wp-json\/wp\/v2\/product_tag?post=12468"}],"curies":[{"name":"wp","href":"https:\/\/api.w.org\/{rel}","templated":true}]}}