{"id":12461,"date":"2017-08-22T10:18:57","date_gmt":"2017-08-22T13:18:57","guid":{"rendered":"https:\/\/casadaescavadeira.com.br\/?post_type=product&#038;p=12461"},"modified":"2023-11-28T11:53:42","modified_gmt":"2023-11-28T14:53:42","slug":"produto-14","status":"publish","type":"product","link":"https:\/\/casadaescavadeira.com.br\/pt\/produto\/produto-14\/","title":{"rendered":"SERVO PIST\u00c3O F3V112DT"},"content":{"rendered":"<p>Servo pist\u00e3o s\u00e3o partes de a\u00e7o carbono exclusivas para bombas hidr\u00e1ulicas volum\u00e9tricas rotativas modelo F3V112 ou equivalentes.<\/p>\n<div id=\"meta_box_shortcode\" class=\"postbox\"><\/div>\n<div id=\"information_faq\" class=\"postbox\">\n<div class=\"postbox-header\">\n<div class=\"handle-actions hide-if-no-js\"><\/div>\n<\/div>\n<\/div>","protected":false},"excerpt":{"rendered":"<p>Servo pist\u00e3o s\u00e3o partes de a\u00e7o carbono exclusivas para bombas hidr\u00e1ulicas volum\u00e9tricas rotativas modelo F3V112 ou equivalentes<\/p>","protected":false},"featured_media":16221,"comment_status":"closed","ping_status":"closed","template":"","meta":{"_acf_changed":false,"om_disable_all_campaigns":false,"_monsterinsights_skip_tracking":false,"_monsterinsights_sitenote_active":false,"_monsterinsights_sitenote_note":"","_monsterinsights_sitenote_category":0,"_uf_show_specific_survey":0,"_uf_disable_surveys":false},"product_brand":[],"product_cat":[78,38,39],"product_tag":[1828,1829,1830,1831],"class_list":{"0":"post-12461","1":"product","2":"type-product","3":"status-publish","4":"has-post-thumbnail","6":"product_cat-k3v-series-kawasaki","7":"product_cat-partes-e-pecas","8":"product_cat-bomba-hidraulica-pecas","9":"product_tag-sa-8230-09250","10":"product_tag-sa8230-09250","11":"product_tag-voe-14540778","12":"product_tag-xjbn-00091","14":"first","15":"instock","16":"shipping-taxable","17":"product-type-simple"},"acf":[],"aioseo_notices":[],"_links":{"self":[{"href":"https:\/\/casadaescavadeira.com.br\/pt\/wp-json\/wp\/v2\/product\/12461","targetHints":{"allow":["GET"]}}],"collection":[{"href":"https:\/\/casadaescavadeira.com.br\/pt\/wp-json\/wp\/v2\/product"}],"about":[{"href":"https:\/\/casadaescavadeira.com.br\/pt\/wp-json\/wp\/v2\/types\/product"}],"replies":[{"embeddable":true,"href":"https:\/\/casadaescavadeira.com.br\/pt\/wp-json\/wp\/v2\/comments?post=12461"}],"wp:featuredmedia":[{"embeddable":true,"href":"https:\/\/casadaescavadeira.com.br\/pt\/wp-json\/wp\/v2\/media\/16221"}],"wp:attachment":[{"href":"https:\/\/casadaescavadeira.com.br\/pt\/wp-json\/wp\/v2\/media?parent=12461"}],"wp:term":[{"taxonomy":"product_brand","embeddable":true,"href":"https:\/\/casadaescavadeira.com.br\/pt\/wp-json\/wp\/v2\/product_brand?post=12461"},{"taxonomy":"product_cat","embeddable":true,"href":"https:\/\/casadaescavadeira.com.br\/pt\/wp-json\/wp\/v2\/product_cat?post=12461"},{"taxonomy":"product_tag","embeddable":true,"href":"https:\/\/casadaescavadeira.com.br\/pt\/wp-json\/wp\/v2\/product_tag?post=12461"}],"curies":[{"name":"wp","href":"https:\/\/api.w.org\/{rel}","templated":true}]}}