{"id":12340,"date":"2017-08-23T10:06:53","date_gmt":"2017-08-23T13:06:53","guid":{"rendered":"https:\/\/casadaescavadeira.com.br\/?post_type=product&#038;p=12340"},"modified":"2024-11-18T17:36:06","modified_gmt":"2024-11-18T20:36:06","slug":"bomba-hidraulica-f3v112dt-9tel-e215cx220","status":"publish","type":"product","link":"https:\/\/casadaescavadeira.com.br\/pt\/produto\/bomba-hidraulica-f3v112dt-9tel-e215cx220\/","title":{"rendered":"BOMBA HIDR\u00c1ULICA F3V112DTP-9TEL (E215C\/CX220C)"},"content":{"rendered":"<p>F3V112DTP-9TEL (E215C\/CX220C) s\u00e3o bombas hidr\u00e1ulicas volum\u00e9tricas rotativas de pist\u00f5es axiais e fluxo vari\u00e1vel, para acionamento hidrost\u00e1tico em circuitos fechados, de dupla a\u00e7\u00e3o com 224cm\u00b3\/rev, m\u00e1ximo de 2360 rpm, com vaz\u00e3o aproximada de 528l\/min,\u00a0 press\u00e3o de trabalho 34.3mpa ou 343bar e press\u00e3o m\u00e1xima de 39.2 mpa ou 392bar. Aplicadas em escavadeiras da marca New Holland e Case modelos E215C e CX220C respectivamente ou similares.<\/p>","protected":false},"excerpt":{"rendered":"<p>F3V112DTP-9TEL (E215C\/CX220C) s\u00e3o bombas hidr\u00e1ulicas volum\u00e9tricas rotativas de pist\u00f5es axiais e fluxo vari\u00e1vel, para acionamento hidrost\u00e1tico em circuitos fechados, de dupla a\u00e7\u00e3o com 224cm\u00b3\/rev, m\u00e1ximo de 2360 rpm, com vaz\u00e3o aproximada de 528l\/min,\u00a0 press\u00e3o de trabalho 34.3mpa ou 343bar e press\u00e3o m\u00e1xima de 39.2 mpa ou 392bar. Aplicadas em escavadeiras da marca New Holland e Case modelos E215C e CX220C respectivamente ou similares.<\/p>","protected":false},"featured_media":12497,"comment_status":"closed","ping_status":"closed","template":"","meta":{"_acf_changed":false,"om_disable_all_campaigns":false,"_monsterinsights_skip_tracking":false,"_monsterinsights_sitenote_active":false,"_monsterinsights_sitenote_note":"","_monsterinsights_sitenote_category":0,"_uf_show_specific_survey":0,"_uf_disable_surveys":false},"product_brand":[],"product_cat":[19,1052],"product_tag":[1215,1214,1213,1212],"class_list":{"0":"post-12340","1":"product","2":"type-product","3":"status-publish","4":"has-post-thumbnail","6":"product_cat-bombas-hidraulicas","7":"product_cat-k3v-series-kawasaki-bombas-hidraulicas","8":"product_tag-1215","9":"product_tag-lc10v00005f4","10":"product_tag-yn10v00023f1","11":"product_tag-yn10v00023f2","12":"pa_marca-kobelco","13":"pa_marca-new-holland","15":"first","16":"instock","17":"shipping-taxable","18":"product-type-simple"},"acf":[],"aioseo_notices":[],"_links":{"self":[{"href":"https:\/\/casadaescavadeira.com.br\/pt\/wp-json\/wp\/v2\/product\/12340","targetHints":{"allow":["GET"]}}],"collection":[{"href":"https:\/\/casadaescavadeira.com.br\/pt\/wp-json\/wp\/v2\/product"}],"about":[{"href":"https:\/\/casadaescavadeira.com.br\/pt\/wp-json\/wp\/v2\/types\/product"}],"replies":[{"embeddable":true,"href":"https:\/\/casadaescavadeira.com.br\/pt\/wp-json\/wp\/v2\/comments?post=12340"}],"wp:featuredmedia":[{"embeddable":true,"href":"https:\/\/casadaescavadeira.com.br\/pt\/wp-json\/wp\/v2\/media\/12497"}],"wp:attachment":[{"href":"https:\/\/casadaescavadeira.com.br\/pt\/wp-json\/wp\/v2\/media?parent=12340"}],"wp:term":[{"taxonomy":"product_brand","embeddable":true,"href":"https:\/\/casadaescavadeira.com.br\/pt\/wp-json\/wp\/v2\/product_brand?post=12340"},{"taxonomy":"product_cat","embeddable":true,"href":"https:\/\/casadaescavadeira.com.br\/pt\/wp-json\/wp\/v2\/product_cat?post=12340"},{"taxonomy":"product_tag","embeddable":true,"href":"https:\/\/casadaescavadeira.com.br\/pt\/wp-json\/wp\/v2\/product_tag?post=12340"}],"curies":[{"name":"wp","href":"https:\/\/api.w.org\/{rel}","templated":true}]}}