{"id":12258,"date":"2017-08-22T10:18:54","date_gmt":"2017-08-22T13:18:54","guid":{"rendered":"https:\/\/casadaescavadeira.com.br\/?post_type=product&#038;p=12258"},"modified":"2023-08-16T16:05:28","modified_gmt":"2023-08-16T19:05:28","slug":"conjunto-tampa-e-berco-f3v112","status":"publish","type":"product","link":"https:\/\/casadaescavadeira.com.br\/pt\/produto\/conjunto-tampa-e-berco-f3v112\/","title":{"rendered":"CONJUNTO TAMPA E BER\u00c7O F3V112DT"},"content":{"rendered":"<p>Tampa e balan\u00e7im s\u00e3o pe\u00e7as de a\u00e7o carbono exclusivas para bombas hidr\u00e1ulicas modelo F3V112 ou equivalentes<\/p>","protected":false},"excerpt":{"rendered":"<p>Tampa e balan\u00e7im s\u00e3o pe\u00e7as de a\u00e7o carbono exclusivas para bombas hidr\u00e1ulicas modelo F3V112 ou equivalentes<\/p>","protected":false},"featured_media":16183,"comment_status":"closed","ping_status":"closed","template":"","meta":{"_acf_changed":false,"om_disable_all_campaigns":false,"_monsterinsights_skip_tracking":false,"_monsterinsights_sitenote_active":false,"_monsterinsights_sitenote_note":"","_monsterinsights_sitenote_category":0,"_uf_show_specific_survey":0,"_uf_disable_surveys":false},"product_brand":[],"product_cat":[78,38,39],"product_tag":[96,97,1069,1071,1070,1072,1073,1074,1076,1075],"class_list":{"0":"post-12258","1":"product","2":"type-product","3":"status-publish","4":"has-post-thumbnail","6":"product_cat-k3v-series-kawasaki","7":"product_cat-partes-e-pecas","8":"product_cat-bomba-hidraulica-pecas","9":"product_tag-96","10":"product_tag-97","11":"product_tag-sa-8230-08940","12":"product_tag-sa-8230-09800","13":"product_tag-sa8230-08940","14":"product_tag-sa8230-09800","15":"product_tag-voe-14750826","16":"product_tag-voe14750826","17":"product_tag-xjbn-00069","18":"product_tag-xjbn-00086","20":"first","21":"instock","22":"shipping-taxable","23":"product-type-simple"},"acf":[],"aioseo_notices":[],"_links":{"self":[{"href":"https:\/\/casadaescavadeira.com.br\/pt\/wp-json\/wp\/v2\/product\/12258","targetHints":{"allow":["GET"]}}],"collection":[{"href":"https:\/\/casadaescavadeira.com.br\/pt\/wp-json\/wp\/v2\/product"}],"about":[{"href":"https:\/\/casadaescavadeira.com.br\/pt\/wp-json\/wp\/v2\/types\/product"}],"replies":[{"embeddable":true,"href":"https:\/\/casadaescavadeira.com.br\/pt\/wp-json\/wp\/v2\/comments?post=12258"}],"wp:featuredmedia":[{"embeddable":true,"href":"https:\/\/casadaescavadeira.com.br\/pt\/wp-json\/wp\/v2\/media\/16183"}],"wp:attachment":[{"href":"https:\/\/casadaescavadeira.com.br\/pt\/wp-json\/wp\/v2\/media?parent=12258"}],"wp:term":[{"taxonomy":"product_brand","embeddable":true,"href":"https:\/\/casadaescavadeira.com.br\/pt\/wp-json\/wp\/v2\/product_brand?post=12258"},{"taxonomy":"product_cat","embeddable":true,"href":"https:\/\/casadaescavadeira.com.br\/pt\/wp-json\/wp\/v2\/product_cat?post=12258"},{"taxonomy":"product_tag","embeddable":true,"href":"https:\/\/casadaescavadeira.com.br\/pt\/wp-json\/wp\/v2\/product_tag?post=12258"}],"curies":[{"name":"wp","href":"https:\/\/api.w.org\/{rel}","templated":true}]}}