{"id":12256,"date":"2017-08-22T10:18:53","date_gmt":"2017-08-22T13:18:53","guid":{"rendered":"https:\/\/casadaescavadeira.com.br\/?post_type=product&#038;p=12256"},"modified":"2023-08-14T15:14:49","modified_gmt":"2023-08-14T18:14:49","slug":"eixo-principal-f3v112","status":"publish","type":"product","link":"https:\/\/casadaescavadeira.com.br\/pt\/produto\/eixo-principal-f3v112\/","title":{"rendered":"EIXO PRINCIPAL (14 DENTES) F3V112DT"},"content":{"rendered":"<p>Eixo principal Z14 s\u00e3o pe\u00e7as de a\u00e7o carbono exclusivas para bombas hidr\u00e1ulicas modelo F3V112 ou equivalentes<\/p>","protected":false},"excerpt":{"rendered":"<p>Eixo principal Z14 s\u00e3o pe\u00e7as de a\u00e7o carbono exclusivas para bombas hidr\u00e1ulicas modelo F3V112 ou equivalentes<\/p>","protected":false},"featured_media":16094,"comment_status":"closed","ping_status":"closed","template":"","meta":{"_acf_changed":false,"om_disable_all_campaigns":false,"_monsterinsights_skip_tracking":false,"_monsterinsights_sitenote_active":false,"_monsterinsights_sitenote_note":"","_monsterinsights_sitenote_category":0,"_uf_show_specific_survey":0,"_uf_disable_surveys":false},"product_brand":[],"product_cat":[78,38,39],"product_tag":[1059,1058,1057,1056],"class_list":{"0":"post-12256","1":"product","2":"type-product","3":"status-publish","4":"has-post-thumbnail","6":"product_cat-k3v-series-kawasaki","7":"product_cat-partes-e-pecas","8":"product_cat-bomba-hidraulica-pecas","9":"product_tag-sa-8230-09100","10":"product_tag-sa8230-09100","11":"product_tag-voe-14727835","12":"product_tag-voe14727835","14":"first","15":"instock","16":"shipping-taxable","17":"product-type-simple"},"acf":[],"aioseo_notices":[],"_links":{"self":[{"href":"https:\/\/casadaescavadeira.com.br\/pt\/wp-json\/wp\/v2\/product\/12256","targetHints":{"allow":["GET"]}}],"collection":[{"href":"https:\/\/casadaescavadeira.com.br\/pt\/wp-json\/wp\/v2\/product"}],"about":[{"href":"https:\/\/casadaescavadeira.com.br\/pt\/wp-json\/wp\/v2\/types\/product"}],"replies":[{"embeddable":true,"href":"https:\/\/casadaescavadeira.com.br\/pt\/wp-json\/wp\/v2\/comments?post=12256"}],"wp:featuredmedia":[{"embeddable":true,"href":"https:\/\/casadaescavadeira.com.br\/pt\/wp-json\/wp\/v2\/media\/16094"}],"wp:attachment":[{"href":"https:\/\/casadaescavadeira.com.br\/pt\/wp-json\/wp\/v2\/media?parent=12256"}],"wp:term":[{"taxonomy":"product_brand","embeddable":true,"href":"https:\/\/casadaescavadeira.com.br\/pt\/wp-json\/wp\/v2\/product_brand?post=12256"},{"taxonomy":"product_cat","embeddable":true,"href":"https:\/\/casadaescavadeira.com.br\/pt\/wp-json\/wp\/v2\/product_cat?post=12256"},{"taxonomy":"product_tag","embeddable":true,"href":"https:\/\/casadaescavadeira.com.br\/pt\/wp-json\/wp\/v2\/product_tag?post=12256"}],"curies":[{"name":"wp","href":"https:\/\/api.w.org\/{rel}","templated":true}]}}