{"id":12254,"date":"2017-08-22T10:18:53","date_gmt":"2017-08-22T13:18:53","guid":{"rendered":"https:\/\/casadaescavadeira.com.br\/?post_type=product&#038;p=12254"},"modified":"2023-08-18T16:21:50","modified_gmt":"2023-08-18T19:21:50","slug":"kit-de-vedacao-da-bomba-k3v112","status":"publish","type":"product","link":"https:\/\/casadaescavadeira.com.br\/pt\/produto\/kit-de-vedacao-da-bomba-k3v112\/","title":{"rendered":"KIT DE VEDA\u00c7\u00c3O DA BOMBA K3V112 (12D) AP2388E &#8211; EIXO 12 ESTRIAS"},"content":{"rendered":"<p>Kit de veda\u00e7\u00e3o da bomba K3v112 \u00e9 composto por an\u00e9is o-rings de borracha de diversos tamanhos,\u00a0 an\u00e9is de encosto de nylon e retentores de ferro com\u00a0 borracha e seus derivados. s\u00e3o condicionados em pequenas embalagens pl\u00e1sticas e aplicados em bombas hidr\u00e1ulicas do da fam\u00edlia K3v112 usados em diversas marcas de escavadeiras\u00a0 hidr\u00e1ulicas.<\/p>","protected":false},"excerpt":{"rendered":"<p>Kit de veda\u00e7\u00e3o da bomba K3v112 \u00e9 composto por an\u00e9is o-rings de borracha de diversos tamanhos,\u00a0 an\u00e9is de encosto de nylon e retentores de ferro com\u00a0 borracha e seus derivados. s\u00e3o condicionados em pequenas embalagens pl\u00e1sticas e aplicados em bombas hidr\u00e1ulicas do da fam\u00edlia K3v112 usados em diversas marcas de escavadeiras\u00a0 hidr\u00e1ulicas.<\/p>","protected":false},"featured_media":16096,"comment_status":"closed","ping_status":"closed","template":"","meta":{"_acf_changed":false,"om_disable_all_campaigns":false,"_monsterinsights_skip_tracking":false,"_monsterinsights_sitenote_active":false,"_monsterinsights_sitenote_note":"","_monsterinsights_sitenote_category":0,"_uf_show_specific_survey":0,"_uf_disable_surveys":false},"product_brand":[],"product_cat":[1060,82],"product_tag":[85],"class_list":{"0":"post-12254","1":"product","2":"type-product","3":"status-publish","4":"has-post-thumbnail","6":"product_cat-vedacao-da-bomba-hidraulica","7":"product_cat-vedacoes","8":"product_tag-xjbn-00971","10":"first","11":"instock","12":"shipping-taxable","13":"product-type-simple"},"acf":[],"aioseo_notices":[],"_links":{"self":[{"href":"https:\/\/casadaescavadeira.com.br\/pt\/wp-json\/wp\/v2\/product\/12254","targetHints":{"allow":["GET"]}}],"collection":[{"href":"https:\/\/casadaescavadeira.com.br\/pt\/wp-json\/wp\/v2\/product"}],"about":[{"href":"https:\/\/casadaescavadeira.com.br\/pt\/wp-json\/wp\/v2\/types\/product"}],"replies":[{"embeddable":true,"href":"https:\/\/casadaescavadeira.com.br\/pt\/wp-json\/wp\/v2\/comments?post=12254"}],"wp:featuredmedia":[{"embeddable":true,"href":"https:\/\/casadaescavadeira.com.br\/pt\/wp-json\/wp\/v2\/media\/16096"}],"wp:attachment":[{"href":"https:\/\/casadaescavadeira.com.br\/pt\/wp-json\/wp\/v2\/media?parent=12254"}],"wp:term":[{"taxonomy":"product_brand","embeddable":true,"href":"https:\/\/casadaescavadeira.com.br\/pt\/wp-json\/wp\/v2\/product_brand?post=12254"},{"taxonomy":"product_cat","embeddable":true,"href":"https:\/\/casadaescavadeira.com.br\/pt\/wp-json\/wp\/v2\/product_cat?post=12254"},{"taxonomy":"product_tag","embeddable":true,"href":"https:\/\/casadaescavadeira.com.br\/pt\/wp-json\/wp\/v2\/product_tag?post=12254"}],"curies":[{"name":"wp","href":"https:\/\/api.w.org\/{rel}","templated":true}]}}