{"id":12241,"date":"2017-08-21T18:08:44","date_gmt":"2017-08-21T21:08:44","guid":{"rendered":"https:\/\/casadaescavadeira.com.br\/?post_type=product&#038;p=12241"},"modified":"2025-03-24T16:19:31","modified_gmt":"2025-03-24T19:19:31","slug":"bomba-hidraulica-f5vp2d36-r80-7","status":"publish","type":"product","link":"https:\/\/casadaescavadeira.com.br\/pt\/produto\/bomba-hidraulica-f5vp2d36-r80-7\/","title":{"rendered":"BOMBA HIDR\u00c1ULICA AP2D36 (F5VP2D36) (R80-7)"},"content":{"rendered":"<p>F5VP2D36 (R80-7) s\u00e3o bombas hidr\u00e1ulicas volum\u00e9tricas rotativas de pist\u00f5es axiais, fluxo vari\u00e1vel para acionamento hidrost\u00e1tico em circuito fechado, com 72cm\u00b3\/rev, m\u00e1ximo de 2100rpm, com vaz\u00e3o aproximada de\u00a0 151l\/min, press\u00e3o de trabalho 28mpa ou 280bar e press\u00e3o m\u00e1xima de 30 mpa ou 300bar. Aplicadas em escavadeiras da marca LiuGong e modelos Hyundai R80-7 ou equivalentes<\/p>","protected":false},"excerpt":{"rendered":"<p>F5VP2D36 (R80-7) s\u00e3o bombas hidr\u00e1ulicas volum\u00e9tricas rotativas de pist\u00f5es axiais, fluxo vari\u00e1vel para acionamento hidrost\u00e1tico em circuito fechado, com 72cm\u00b3\/rev, m\u00e1ximo de 2100rpm, com vaz\u00e3o aproximada de\u00a0 151l\/min, press\u00e3o de trabalho 28mpa ou 280bar e press\u00e3o m\u00e1xima de 30 mpa ou 300bar. Aplicadas em escavadeiras da marca LiuGong e modelos Hyundai R80-7 ou equivalentes<\/p>","protected":false},"featured_media":16083,"comment_status":"closed","ping_status":"closed","template":"","meta":{"_acf_changed":false,"om_disable_all_campaigns":false,"_monsterinsights_skip_tracking":false,"_monsterinsights_sitenote_active":false,"_monsterinsights_sitenote_note":"","_monsterinsights_sitenote_category":0,"_uf_show_specific_survey":0,"_uf_disable_surveys":false},"product_brand":[],"product_cat":[1167,19],"product_tag":[1308,62],"class_list":{"0":"post-12241","1":"product","2":"type-product","3":"status-publish","4":"has-post-thumbnail","6":"product_cat-ap2d-series-uchida","7":"product_cat-bombas-hidraulicas","8":"product_tag-31n1-10010","9":"product_tag-31n110011","10":"pa_marca-hyundai","12":"first","13":"instock","14":"shipping-taxable","15":"product-type-simple"},"acf":[],"aioseo_notices":[],"_links":{"self":[{"href":"https:\/\/casadaescavadeira.com.br\/pt\/wp-json\/wp\/v2\/product\/12241","targetHints":{"allow":["GET"]}}],"collection":[{"href":"https:\/\/casadaescavadeira.com.br\/pt\/wp-json\/wp\/v2\/product"}],"about":[{"href":"https:\/\/casadaescavadeira.com.br\/pt\/wp-json\/wp\/v2\/types\/product"}],"replies":[{"embeddable":true,"href":"https:\/\/casadaescavadeira.com.br\/pt\/wp-json\/wp\/v2\/comments?post=12241"}],"wp:featuredmedia":[{"embeddable":true,"href":"https:\/\/casadaescavadeira.com.br\/pt\/wp-json\/wp\/v2\/media\/16083"}],"wp:attachment":[{"href":"https:\/\/casadaescavadeira.com.br\/pt\/wp-json\/wp\/v2\/media?parent=12241"}],"wp:term":[{"taxonomy":"product_brand","embeddable":true,"href":"https:\/\/casadaescavadeira.com.br\/pt\/wp-json\/wp\/v2\/product_brand?post=12241"},{"taxonomy":"product_cat","embeddable":true,"href":"https:\/\/casadaescavadeira.com.br\/pt\/wp-json\/wp\/v2\/product_cat?post=12241"},{"taxonomy":"product_tag","embeddable":true,"href":"https:\/\/casadaescavadeira.com.br\/pt\/wp-json\/wp\/v2\/product_tag?post=12241"}],"curies":[{"name":"wp","href":"https:\/\/api.w.org\/{rel}","templated":true}]}}