{"id":12209,"date":"2017-08-21T15:48:22","date_gmt":"2017-08-21T18:48:22","guid":{"rendered":"https:\/\/casadaescavadeira.com.br\/?post_type=product&#038;p=12209"},"modified":"2024-11-18T17:42:32","modified_gmt":"2024-11-18T20:42:32","slug":"bomba-hidraulica-f5vp2d28","status":"publish","type":"product","link":"https:\/\/casadaescavadeira.com.br\/pt\/produto\/bomba-hidraulica-f5vp2d28\/","title":{"rendered":"BOMBA HIDR\u00c1ULICA AP2D28 (F5VP2D28) (R55-7\/R60-7)"},"content":{"rendered":"<p>F5VP2D28 (R55-7, R60-7) s\u00e3o bombas hidr\u00e1ulicas volum\u00e9tricas rotativas de pist\u00f5es axiais, fluxo vari\u00e1vel para acionamento hidrost\u00e1tico em circuito fechado, com 56cm\u00b3\/rev, m\u00e1ximo de 2600rpm, com vaz\u00e3o aproximada de 143l\/min,\u00a0 press\u00e3o de trabalho 21.6 mpa ou 216 bar e press\u00e3o m\u00e1xima de 24 mpa ou 240bar. Aplicadas em escavadeiras da marca Hyundai modelos R55-7 e R60-7 ou similares.<\/p>","protected":false},"excerpt":{"rendered":"<p>F5VP2D28 (R55-7, R60-7) s\u00e3o bombas hidr\u00e1ulicas volum\u00e9tricas rotativas de pist\u00f5es axiais, fluxo vari\u00e1vel para acionamento hidrost\u00e1tico em circuito fechado, com 56cm\u00b3\/rev, m\u00e1ximo de 2600rpm, com vaz\u00e3o aproximada de 143l\/min,\u00a0 press\u00e3o de trabalho 21.6 mpa ou 216 bar e press\u00e3o m\u00e1xima de 24 mpa ou 240bar. Aplicadas em escavadeiras da marca Hyundai modelos R55-7 e R60-7 ou similares.<\/p>","protected":false},"featured_media":16583,"comment_status":"closed","ping_status":"closed","template":"","meta":{"_acf_changed":false,"om_disable_all_campaigns":false,"_monsterinsights_skip_tracking":false,"_monsterinsights_sitenote_active":false,"_monsterinsights_sitenote_note":"","_monsterinsights_sitenote_category":0,"_uf_show_specific_survey":0,"_uf_disable_surveys":false},"product_brand":[],"product_cat":[1167,19],"product_tag":[1051],"class_list":{"0":"post-12209","1":"product","2":"type-product","3":"status-publish","4":"has-post-thumbnail","6":"product_cat-ap2d-series-uchida","7":"product_cat-bombas-hidraulicas","8":"product_tag-31m8-10021","9":"pa_marca-hyundai","11":"first","12":"instock","13":"shipping-taxable","14":"product-type-simple"},"acf":[],"aioseo_notices":[],"_links":{"self":[{"href":"https:\/\/casadaescavadeira.com.br\/pt\/wp-json\/wp\/v2\/product\/12209","targetHints":{"allow":["GET"]}}],"collection":[{"href":"https:\/\/casadaescavadeira.com.br\/pt\/wp-json\/wp\/v2\/product"}],"about":[{"href":"https:\/\/casadaescavadeira.com.br\/pt\/wp-json\/wp\/v2\/types\/product"}],"replies":[{"embeddable":true,"href":"https:\/\/casadaescavadeira.com.br\/pt\/wp-json\/wp\/v2\/comments?post=12209"}],"wp:featuredmedia":[{"embeddable":true,"href":"https:\/\/casadaescavadeira.com.br\/pt\/wp-json\/wp\/v2\/media\/16583"}],"wp:attachment":[{"href":"https:\/\/casadaescavadeira.com.br\/pt\/wp-json\/wp\/v2\/media?parent=12209"}],"wp:term":[{"taxonomy":"product_brand","embeddable":true,"href":"https:\/\/casadaescavadeira.com.br\/pt\/wp-json\/wp\/v2\/product_brand?post=12209"},{"taxonomy":"product_cat","embeddable":true,"href":"https:\/\/casadaescavadeira.com.br\/pt\/wp-json\/wp\/v2\/product_cat?post=12209"},{"taxonomy":"product_tag","embeddable":true,"href":"https:\/\/casadaescavadeira.com.br\/pt\/wp-json\/wp\/v2\/product_tag?post=12209"}],"curies":[{"name":"wp","href":"https:\/\/api.w.org\/{rel}","templated":true}]}}